{"id":5377,"date":"2021-08-24T16:50:00","date_gmt":"2021-08-24T16:50:00","guid":{"rendered":"https:\/\/comtesselisbonne.pt\/book-now\/"},"modified":"2023-03-03T11:57:11","modified_gmt":"2023-03-03T11:57:11","slug":"book-now","status":"publish","type":"page","link":"https:\/\/comtesselisbonne.pt\/en\/book-now\/","title":{"rendered":"Book Now"},"content":{"rendered":"<p>[et_pb_section fb_built=&#8221;1&#8243; module_class=&#8221;sec-header-pags&#8221; _builder_version=&#8221;4.10.3&#8243; _module_preset=&#8221;default&#8221; use_background_color_gradient=&#8221;on&#8221; background_color_gradient_start=&#8221;rgba(54,54,54,0.56)&#8221; background_color_gradient_end=&#8221;rgba(54,54,54,0.56)&#8221; background_color_gradient_overlays_image=&#8221;on&#8221; background_image=&#8221;https:\/\/comtesselisbonne.pt\/wp-content\/uploads\/2021\/08\/21_Rua-da-Condessa-28-1.jpg&#8221; custom_margin=&#8221;|24px||24px|false|true&#8221; custom_margin_tablet=&#8221;|16px||16px|false|true&#8221; custom_margin_phone=&#8221;|14px||14px|false|true&#8221; custom_margin_last_edited=&#8221;on|phone&#8221; custom_padding=&#8221;||50px|||&#8221; global_module=&#8221;4810&#8243; saved_tabs=&#8221;all&#8221; locked=&#8221;on&#8221; global_colors_info=&#8221;{}&#8221;][et_pb_row _builder_version=&#8221;4.10.3&#8243; _module_preset=&#8221;default&#8221; custom_padding=&#8221;0px||0px||true|false&#8221; locked=&#8221;off&#8221; global_colors_info=&#8221;{}&#8221;][et_pb_column type=&#8221;4_4&#8243; _builder_version=&#8221;4.10.3&#8243; _module_preset=&#8221;default&#8221; global_colors_info=&#8221;{}&#8221;][et_pb_text admin_label=&#8221;Text&#8221; _builder_version=&#8221;4.10.3&#8243; _dynamic_attributes=&#8221;content&#8221; _module_preset=&#8221;default&#8221; text_font=&#8221;Playfair Display|||on|||||&#8221; text_text_color=&#8221;#FFFFFF&#8221; text_font_size=&#8221;48px&#8221; text_line_height=&#8221;1.3em&#8221; text_orientation=&#8221;center&#8221; text_font_size_tablet=&#8221;36px&#8221; text_font_size_phone=&#8221;30px&#8221; text_font_size_last_edited=&#8221;on|desktop&#8221; global_colors_info=&#8221;{}&#8221;]@ET-DC@eyJkeW5hbWljIjp0cnVlLCJjb250ZW50IjoicG9zdF90aXRsZSIsInNldHRpbmdzIjp7ImJlZm9yZSI6IiIsImFmdGVyIjoiIn19@[\/et_pb_text][\/et_pb_column][\/et_pb_row][\/et_pb_section][et_pb_section fb_built=&#8221;1&#8243; _builder_version=&#8221;4.7.7&#8243; _module_preset=&#8221;default&#8221; custom_padding=&#8221;60px||0px|||&#8221; global_colors_info=&#8221;{}&#8221;][et_pb_row _builder_version=&#8221;4.10.3&#8243; _module_preset=&#8221;default&#8221; custom_padding=&#8221;1px||35px|||&#8221; custom_css_main_element=&#8221;max-width: 900px !important;&#8221; global_colors_info=&#8221;{}&#8221;][et_pb_column type=&#8221;4_4&#8243; _builder_version=&#8221;4.10.3&#8243; _module_preset=&#8221;default&#8221; global_colors_info=&#8221;{}&#8221;][et_pb_text _builder_version=&#8221;4.10.3&#8243; _module_preset=&#8221;default&#8221; text_orientation=&#8221;center&#8221; custom_margin=&#8221;||0px|||&#8221; global_colors_info=&#8221;{}&#8221;]Please introduce the date and check our offers and availability.<\/p>\n<p>For any query or doubt, please call us and our team will help you.<\/p>\n<p>&nbsp;<br \/>\n[\/et_pb_text][\/et_pb_column][\/et_pb_row][\/et_pb_section][et_pb_section fb_built=&#8221;1&#8243; module_class=&#8221;large-sec&#8221; _builder_version=&#8221;4.10.4&#8243; _module_preset=&#8221;default&#8221; custom_padding=&#8221;0px||0px|||&#8221; global_module=&#8221;4889&#8243; saved_tabs=&#8221;all&#8221; global_colors_info=&#8221;{}&#8221;][et_pb_row _builder_version=&#8221;4.10.4&#8243; _module_preset=&#8221;default&#8221; background_enable_color=&#8221;off&#8221; custom_padding=&#8221;0px||0px||false|false&#8221; global_colors_info=&#8221;{}&#8221;][et_pb_column type=&#8221;4_4&#8243; _builder_version=&#8221;4.10.4&#8243; _module_preset=&#8221;default&#8221; global_colors_info=&#8221;{}&#8221;][et_pb_code _builder_version=&#8221;4.10.4&#8243; _module_preset=&#8221;default&#8221; global_colors_info=&#8221;{}&#8221;]<\/p>\n<div id=\"apartmentIframeAll\"><!-- [et_pb_line_break_holder] --><script type=\"text\/javascript\" src=\"https:\/\/login.smoobu.com\/js\/Settings\/BookingToolIframe.js\"><\/script><!-- [et_pb_line_break_holder] --><script>BookingToolIframe.initialize({\"url\": \"https:\/\/login.smoobu.com\/pt\/booking-tool\/iframe\/248857?apartmentGroups[]=837502&apartmentGroups[]=837469&apartmentGroups[]=837481&apartmentGroups[]=837484&apartmentGroups[]=837274&apartmentGroups[]=837499&apartmentGroups[]=837517&apartmentGroups[]=837496&apartmentGroups[]=837478&apartmentGroups[]=837271&apartmentGroups[]=837262&apartmentGroups[]=837487&apartmentGroups[]=837490&apartmentGroups[]=837508&apartmentGroups[]=837475&apartmentGroups[]=837505&apartmentGroups[]=837493&apartmentGroups[]=837472&apartmentGroups[]=924922&apartmentGroups[]=837586&apartmentGroups[]=837565&apartmentGroups[]=837568&apartmentGroups[]=837571&apartmentGroups[]=837580&apartmentGroups[]=837583&apartmentGroups[]=837574&apartmentGroups[]=837577&apartmentGroups[]=837562\", \"baseUrl\": \"https:\/\/login.smoobu.com\", \"target\": \"#apartmentIframeAll\"})<\/script><!-- [et_pb_line_break_holder] --><\/div>\n<p>[\/et_pb_code][\/et_pb_column][\/et_pb_row][\/et_pb_section]<\/p>\n","protected":false},"excerpt":{"rendered":"<p>Please introduce the date and check our offers and availability. For any query or doubt, please call us and our team will help you. &nbsp;<\/p>\n","protected":false},"author":1,"featured_media":0,"parent":0,"menu_order":0,"comment_status":"closed","ping_status":"closed","template":"","meta":{"_et_pb_use_builder":"on","_et_pb_old_content":"","_et_gb_content_width":""},"yoast_head":"<!-- This site is optimized with the Yoast SEO plugin v19.10 - https:\/\/yoast.com\/wordpress\/plugins\/seo\/ -->\n<title>Reservas Alojamentos Lisboa - Comtesse Lisbonne<\/title>\n<meta name=\"description\" content=\"Reservas Alojamentos Lisboa. Reserve o seu alojamento no Chiado ou Laranjeiras, perto do Zool\u00f3gico, Est\u00e1dio da Luz e Hospital Lus\u00edadas.\" \/>\n<meta name=\"robots\" content=\"index, follow, max-snippet:-1, max-image-preview:large, max-video-preview:-1\" \/>\n<link rel=\"canonical\" href=\"https:\/\/comtesselisbonne.pt\/en\/book-now\/\" \/>\n<meta property=\"og:locale\" content=\"en_US\" \/>\n<meta property=\"og:type\" content=\"article\" \/>\n<meta property=\"og:title\" content=\"Reservas Alojamentos Lisboa - Comtesse Lisbonne\" \/>\n<meta property=\"og:description\" content=\"Reservas Alojamentos Lisboa. Reserve o seu alojamento no Chiado ou Laranjeiras, perto do Zool\u00f3gico, Est\u00e1dio da Luz e Hospital Lus\u00edadas.\" \/>\n<meta property=\"og:url\" content=\"https:\/\/comtesselisbonne.pt\/en\/book-now\/\" \/>\n<meta property=\"og:site_name\" content=\"Comtesse Lisbonne\" \/>\n<meta property=\"article:modified_time\" content=\"2023-03-03T11:57:11+00:00\" \/>\n<meta name=\"twitter:card\" content=\"summary_large_image\" \/>\n<meta name=\"twitter:label1\" content=\"Est. reading time\" \/>\n\t<meta name=\"twitter:data1\" content=\"2 minutes\" \/>\n<script type=\"application\/ld+json\" class=\"yoast-schema-graph\">{\"@context\":\"https:\/\/schema.org\",\"@graph\":[{\"@type\":\"WebPage\",\"@id\":\"https:\/\/comtesselisbonne.pt\/en\/book-now\/\",\"url\":\"https:\/\/comtesselisbonne.pt\/en\/book-now\/\",\"name\":\"Reservas Alojamentos Lisboa - Comtesse Lisbonne\",\"isPartOf\":{\"@id\":\"https:\/\/comtesselisbonne.pt\/en\/#website\"},\"datePublished\":\"2021-08-24T16:50:00+00:00\",\"dateModified\":\"2023-03-03T11:57:11+00:00\",\"description\":\"Reservas Alojamentos Lisboa. Reserve o seu alojamento no Chiado ou Laranjeiras, perto do Zool\u00f3gico, Est\u00e1dio da Luz e Hospital Lus\u00edadas.\",\"breadcrumb\":{\"@id\":\"https:\/\/comtesselisbonne.pt\/en\/book-now\/#breadcrumb\"},\"inLanguage\":\"en-US\",\"potentialAction\":[{\"@type\":\"ReadAction\",\"target\":[\"https:\/\/comtesselisbonne.pt\/en\/book-now\/\"]}]},{\"@type\":\"BreadcrumbList\",\"@id\":\"https:\/\/comtesselisbonne.pt\/en\/book-now\/#breadcrumb\",\"itemListElement\":[{\"@type\":\"ListItem\",\"position\":1,\"name\":\"In\u00edcio\",\"item\":\"https:\/\/comtesselisbonne.pt\/en\/\"},{\"@type\":\"ListItem\",\"position\":2,\"name\":\"Book Now\"}]},{\"@type\":\"WebSite\",\"@id\":\"https:\/\/comtesselisbonne.pt\/en\/#website\",\"url\":\"https:\/\/comtesselisbonne.pt\/en\/\",\"name\":\"Comtesse Lisbonne\",\"description\":\"Apartments - Guest House\",\"publisher\":{\"@id\":\"https:\/\/comtesselisbonne.pt\/en\/#organization\"},\"potentialAction\":[{\"@type\":\"SearchAction\",\"target\":{\"@type\":\"EntryPoint\",\"urlTemplate\":\"https:\/\/comtesselisbonne.pt\/en\/?s={search_term_string}\"},\"query-input\":\"required name=search_term_string\"}],\"inLanguage\":\"en-US\"},{\"@type\":\"Organization\",\"@id\":\"https:\/\/comtesselisbonne.pt\/en\/#organization\",\"name\":\"Comtesse Lisbonne\",\"url\":\"https:\/\/comtesselisbonne.pt\/en\/\",\"logo\":{\"@type\":\"ImageObject\",\"inLanguage\":\"en-US\",\"@id\":\"https:\/\/comtesselisbonne.pt\/en\/#\/schema\/logo\/image\/\",\"url\":\"https:\/\/comtesselisbonne.pt\/wp-content\/uploads\/2021\/08\/Logo-Comtesse-Lisbonne-simple.svg\",\"contentUrl\":\"https:\/\/comtesselisbonne.pt\/wp-content\/uploads\/2021\/08\/Logo-Comtesse-Lisbonne-simple.svg\",\"width\":646,\"height\":172,\"caption\":\"Comtesse Lisbonne\"},\"image\":{\"@id\":\"https:\/\/comtesselisbonne.pt\/en\/#\/schema\/logo\/image\/\"}}]}<\/script>\n<!-- \/ Yoast SEO plugin. -->","yoast_head_json":{"title":"Reservas Alojamentos Lisboa - Comtesse Lisbonne","description":"Reservas Alojamentos Lisboa. Reserve o seu alojamento no Chiado ou Laranjeiras, perto do Zool\u00f3gico, Est\u00e1dio da Luz e Hospital Lus\u00edadas.","robots":{"index":"index","follow":"follow","max-snippet":"max-snippet:-1","max-image-preview":"max-image-preview:large","max-video-preview":"max-video-preview:-1"},"canonical":"https:\/\/comtesselisbonne.pt\/en\/book-now\/","og_locale":"en_US","og_type":"article","og_title":"Reservas Alojamentos Lisboa - Comtesse Lisbonne","og_description":"Reservas Alojamentos Lisboa. Reserve o seu alojamento no Chiado ou Laranjeiras, perto do Zool\u00f3gico, Est\u00e1dio da Luz e Hospital Lus\u00edadas.","og_url":"https:\/\/comtesselisbonne.pt\/en\/book-now\/","og_site_name":"Comtesse Lisbonne","article_modified_time":"2023-03-03T11:57:11+00:00","twitter_card":"summary_large_image","twitter_misc":{"Est. reading time":"2 minutes"},"schema":{"@context":"https:\/\/schema.org","@graph":[{"@type":"WebPage","@id":"https:\/\/comtesselisbonne.pt\/en\/book-now\/","url":"https:\/\/comtesselisbonne.pt\/en\/book-now\/","name":"Reservas Alojamentos Lisboa - Comtesse Lisbonne","isPartOf":{"@id":"https:\/\/comtesselisbonne.pt\/en\/#website"},"datePublished":"2021-08-24T16:50:00+00:00","dateModified":"2023-03-03T11:57:11+00:00","description":"Reservas Alojamentos Lisboa. Reserve o seu alojamento no Chiado ou Laranjeiras, perto do Zool\u00f3gico, Est\u00e1dio da Luz e Hospital Lus\u00edadas.","breadcrumb":{"@id":"https:\/\/comtesselisbonne.pt\/en\/book-now\/#breadcrumb"},"inLanguage":"en-US","potentialAction":[{"@type":"ReadAction","target":["https:\/\/comtesselisbonne.pt\/en\/book-now\/"]}]},{"@type":"BreadcrumbList","@id":"https:\/\/comtesselisbonne.pt\/en\/book-now\/#breadcrumb","itemListElement":[{"@type":"ListItem","position":1,"name":"In\u00edcio","item":"https:\/\/comtesselisbonne.pt\/en\/"},{"@type":"ListItem","position":2,"name":"Book Now"}]},{"@type":"WebSite","@id":"https:\/\/comtesselisbonne.pt\/en\/#website","url":"https:\/\/comtesselisbonne.pt\/en\/","name":"Comtesse Lisbonne","description":"Apartments - Guest House","publisher":{"@id":"https:\/\/comtesselisbonne.pt\/en\/#organization"},"potentialAction":[{"@type":"SearchAction","target":{"@type":"EntryPoint","urlTemplate":"https:\/\/comtesselisbonne.pt\/en\/?s={search_term_string}"},"query-input":"required name=search_term_string"}],"inLanguage":"en-US"},{"@type":"Organization","@id":"https:\/\/comtesselisbonne.pt\/en\/#organization","name":"Comtesse Lisbonne","url":"https:\/\/comtesselisbonne.pt\/en\/","logo":{"@type":"ImageObject","inLanguage":"en-US","@id":"https:\/\/comtesselisbonne.pt\/en\/#\/schema\/logo\/image\/","url":"https:\/\/comtesselisbonne.pt\/wp-content\/uploads\/2021\/08\/Logo-Comtesse-Lisbonne-simple.svg","contentUrl":"https:\/\/comtesselisbonne.pt\/wp-content\/uploads\/2021\/08\/Logo-Comtesse-Lisbonne-simple.svg","width":646,"height":172,"caption":"Comtesse Lisbonne"},"image":{"@id":"https:\/\/comtesselisbonne.pt\/en\/#\/schema\/logo\/image\/"}}]}},"_links":{"self":[{"href":"https:\/\/comtesselisbonne.pt\/en\/wp-json\/wp\/v2\/pages\/5377"}],"collection":[{"href":"https:\/\/comtesselisbonne.pt\/en\/wp-json\/wp\/v2\/pages"}],"about":[{"href":"https:\/\/comtesselisbonne.pt\/en\/wp-json\/wp\/v2\/types\/page"}],"author":[{"embeddable":true,"href":"https:\/\/comtesselisbonne.pt\/en\/wp-json\/wp\/v2\/users\/1"}],"replies":[{"embeddable":true,"href":"https:\/\/comtesselisbonne.pt\/en\/wp-json\/wp\/v2\/comments?post=5377"}],"version-history":[{"count":10,"href":"https:\/\/comtesselisbonne.pt\/en\/wp-json\/wp\/v2\/pages\/5377\/revisions"}],"predecessor-version":[{"id":5660,"href":"https:\/\/comtesselisbonne.pt\/en\/wp-json\/wp\/v2\/pages\/5377\/revisions\/5660"}],"wp:attachment":[{"href":"https:\/\/comtesselisbonne.pt\/en\/wp-json\/wp\/v2\/media?parent=5377"}],"curies":[{"name":"wp","href":"https:\/\/api.w.org\/{rel}","templated":true}]}}