{"id":5597,"date":"2021-08-24T16:02:16","date_gmt":"2021-08-24T16:02:16","guid":{"rendered":"https:\/\/comtesselisbonne.pt\/guest-house-2\/"},"modified":"2024-12-05T14:49:44","modified_gmt":"2024-12-05T14:49:44","slug":"guest-house-2","status":"publish","type":"page","link":"https:\/\/comtesselisbonne.pt\/en\/guest-house-2\/","title":{"rendered":"Guest House"},"content":{"rendered":"<p>[et_pb_section fb_built=&#8221;1&#8243; module_class=&#8221;sec-header-pags&#8221; _builder_version=&#8221;4.10.3&#8243; _module_preset=&#8221;default&#8221; use_background_color_gradient=&#8221;on&#8221; background_color_gradient_start=&#8221;rgba(54,54,54,0.56)&#8221; background_color_gradient_end=&#8221;rgba(54,54,54,0.56)&#8221; background_color_gradient_overlays_image=&#8221;on&#8221; background_image=&#8221;https:\/\/comtesselisbonne.pt\/wp-content\/uploads\/2021\/08\/21_Rua-da-Condessa-28-1.jpg&#8221; custom_margin=&#8221;|24px||24px|false|true&#8221; custom_margin_tablet=&#8221;|16px||16px|false|true&#8221; custom_margin_phone=&#8221;|14px||14px|false|true&#8221; custom_margin_last_edited=&#8221;on|phone&#8221; custom_padding=&#8221;||50px|||&#8221; saved_tabs=&#8221;all&#8221; locked=&#8221;on&#8221; global_colors_info=&#8221;{}&#8221;][et_pb_row _builder_version=&#8221;4.10.3&#8243; _module_preset=&#8221;default&#8221; custom_padding=&#8221;0px||0px||true|false&#8221; locked=&#8221;off&#8221; global_colors_info=&#8221;{}&#8221;][et_pb_column type=&#8221;4_4&#8243; _builder_version=&#8221;4.10.3&#8243; _module_preset=&#8221;default&#8221; global_colors_info=&#8221;{}&#8221;][et_pb_text admin_label=&#8221;Text&#8221; _builder_version=&#8221;4.10.3&#8243; _dynamic_attributes=&#8221;content&#8221; _module_preset=&#8221;default&#8221; text_font=&#8221;Playfair Display|||on|||||&#8221; text_text_color=&#8221;#FFFFFF&#8221; text_font_size=&#8221;48px&#8221; text_line_height=&#8221;1.3em&#8221; text_orientation=&#8221;center&#8221; text_font_size_tablet=&#8221;36px&#8221; text_font_size_phone=&#8221;30px&#8221; text_font_size_last_edited=&#8221;on|desktop&#8221; global_colors_info=&#8221;{}&#8221;]@ET-DC@eyJkeW5hbWljIjp0cnVlLCJjb250ZW50IjoicG9zdF90aXRsZSIsInNldHRpbmdzIjp7ImJlZm9yZSI6IiIsImFmdGVyIjoiIn19@[\/et_pb_text][\/et_pb_column][\/et_pb_row][\/et_pb_section][et_pb_section fb_built=&#8221;1&#8243; _builder_version=&#8221;4.7.7&#8243; _module_preset=&#8221;default&#8221; custom_padding=&#8221;60px||5px|||&#8221; global_colors_info=&#8221;{}&#8221;][et_pb_row _builder_version=&#8221;4.10.4&#8243; _module_preset=&#8221;default&#8221; custom_padding=&#8221;0px||20px||false|false&#8221; custom_css_main_element=&#8221;max-width: 900px !important;&#8221; global_colors_info=&#8221;{}&#8221;][et_pb_column type=&#8221;4_4&#8243; _builder_version=&#8221;4.10.3&#8243; _module_preset=&#8221;default&#8221; global_colors_info=&#8221;{}&#8221;][et_pb_text _builder_version=&#8221;4.10.3&#8243; _module_preset=&#8221;default&#8221; text_orientation=&#8221;center&#8221; custom_margin=&#8221;||0px|||&#8221; global_colors_info=&#8221;{}&#8221;]<\/p>\n<p>Comtesse Lisbonne Guesthouse, comfortable rooms for an unforgettable stay! Exclusive and luxury rooms, with a unique decoration. All rooms are equipped with coffee machine and minibar.<\/p>\n<p>Free parking available under booking.<\/p>\n<p>[\/et_pb_text][\/et_pb_column][\/et_pb_row][\/et_pb_section][et_pb_section fb_built=&#8221;1&#8243; _builder_version=&#8221;4.10.4&#8243; _module_preset=&#8221;default&#8221; custom_padding=&#8221;0px||0px|||&#8221; saved_tabs=&#8221;all&#8221; global_colors_info=&#8221;{}&#8221;][et_pb_row _builder_version=&#8221;4.10.4&#8243; _module_preset=&#8221;default&#8221; custom_padding=&#8221;15px||0px||false|false&#8221; custom_css_main_element=&#8221;max-width: 1000px !important;&#8221; global_colors_info=&#8221;{}&#8221;][et_pb_column type=&#8221;4_4&#8243; _builder_version=&#8221;4.10.4&#8243; _module_preset=&#8221;default&#8221; global_colors_info=&#8221;{}&#8221;][et_pb_code _builder_version=&#8221;4.10.4&#8243; _module_preset=&#8221;default&#8221; global_colors_info=&#8221;{}&#8221;]<\/p>\n<div id=\"apartmentIframeAll\"><!-- [et_pb_line_break_holder] --><script type=\"text\/javascript\" src=\"https:\/\/login.smoobu.com\/js\/Settings\/BookingToolIframe.js\"><\/script><!-- [et_pb_line_break_holder] --><script>BookingToolIframe.initialize({\"url\": \"https:\/\/login.smoobu.com\/pt\/booking-tool\/iframe\/248857?apartmentGroups[]=837502&apartmentGroups[]=837469&apartmentGroups[]=837481&apartmentGroups[]=837484&apartmentGroups[]=837274&apartmentGroups[]=837499&apartmentGroups[]=837517&apartmentGroups[]=837496&apartmentGroups[]=837478&apartmentGroups[]=837271&apartmentGroups[]=837262&apartmentGroups[]=837487&apartmentGroups[]=837490&apartmentGroups[]=837508&apartmentGroups[]=837475&apartmentGroups[]=837505&apartmentGroups[]=837493&apartmentGroups[]=837472&apartmentGroups[]=924922\", \"baseUrl\": \"https:\/\/login.smoobu.com\", \"target\": \"#apartmentIframeAll\"})<\/script><!-- [et_pb_line_break_holder] --><\/div>\n<p>[\/et_pb_code][\/et_pb_column][\/et_pb_row][\/et_pb_section][et_pb_section fb_built=&#8221;1&#8243; _builder_version=&#8221;4.7.7&#8243; _module_preset=&#8221;default&#8221; custom_padding=&#8221;29px||35px|||&#8221; global_colors_info=&#8221;{}&#8221;][et_pb_row _builder_version=&#8221;4.10.3&#8243; _module_preset=&#8221;default&#8221; custom_padding=&#8221;0px||0px|||&#8221; global_colors_info=&#8221;{}&#8221;][et_pb_column type=&#8221;4_4&#8243; _builder_version=&#8221;4.10.3&#8243; _module_preset=&#8221;default&#8221; global_colors_info=&#8221;{}&#8221;][et_pb_gallery gallery_ids=&#8221;4765,4764,4731,5019,5021,5022,5024,5025&#8243; posts_number=&#8221;6&#8243; show_title_and_caption=&#8221;off&#8221; show_pagination=&#8221;off&#8221; zoom_icon_color=&#8221;#FFFFFF&#8221; hover_overlay_color=&#8221;rgba(54,54,54,0.56)&#8221; module_class=&#8221;gallery-hp&#8221; _builder_version=&#8221;4.11.1&#8243; _module_preset=&#8221;default&#8221; global_colors_info=&#8221;{}&#8221;][\/et_pb_gallery][\/et_pb_column][\/et_pb_row][et_pb_row _builder_version=&#8221;4.10.3&#8243; _module_preset=&#8221;default&#8221; custom_padding=&#8221;0px||0px|||&#8221; locked=&#8221;off&#8221; global_colors_info=&#8221;{}&#8221;][et_pb_column type=&#8221;4_4&#8243; _builder_version=&#8221;4.10.3&#8243; _module_preset=&#8221;default&#8221; global_colors_info=&#8221;{}&#8221;][et_pb_gallery gallery_ids=&#8221;5084,5083,5086,5087,5088,5089&#8243; posts_number=&#8221;6&#8243; show_title_and_caption=&#8221;off&#8221; show_pagination=&#8221;off&#8221; zoom_icon_color=&#8221;#FFFFFF&#8221; hover_overlay_color=&#8221;rgba(54,54,54,0.56)&#8221; module_class=&#8221;gallery-hp&#8221; _builder_version=&#8221;4.11.1&#8243; _module_preset=&#8221;default&#8221; global_colors_info=&#8221;{}&#8221;][\/et_pb_gallery][\/et_pb_column][\/et_pb_row][et_pb_row _builder_version=&#8221;4.10.3&#8243; _module_preset=&#8221;default&#8221; custom_padding=&#8221;50px|||||&#8221; custom_css_main_element=&#8221;max-width: 900px !important;&#8221; global_colors_info=&#8221;{}&#8221;][et_pb_column type=&#8221;4_4&#8243; _builder_version=&#8221;4.10.3&#8243; _module_preset=&#8221;default&#8221; global_colors_info=&#8221;{}&#8221;][et_pb_text _builder_version=&#8221;4.10.3&#8243; _module_preset=&#8221;default&#8221; custom_margin=&#8221;||19px|||&#8221; global_colors_info=&#8221;{}&#8221;]<\/p>\n<h3>Location and Services<\/h3>\n<p>[\/et_pb_text][et_pb_text _builder_version=&#8221;4.10.3&#8243; _module_preset=&#8221;default&#8221; custom_margin=&#8221;||35px|||&#8221; global_colors_info=&#8221;{}&#8221;]<\/p>\n<div id=\"summary\" class=\"\">\n<div id=\"property_description_content\">\n<p> Comtesse Lisbonne Guest House is located in Lisbon, at 4 miles from Est\u00e1dio da Luz and 1 mile from Lisbon Zoo. Our guest house has a share kitchen and living room. It also has free wi-fi and free parking available for our guests. In 15m you can be to Lisbon historical center, as the property is located just next to the metro station Sete Rios. It\u00b4s location, near the main Lisbon Hospitals, it is ideal for people that needs to visit it. We have available family rooms. We have available family rooms.<\/p>\n<\/div>\n<\/div>\n<p class=\"hp-desc-we-speak\">\n<p>[\/et_pb_text][et_pb_text _builder_version=&#8221;4.10.3&#8243; _module_preset=&#8221;default&#8221; custom_margin=&#8221;||35px|||&#8221; global_colors_info=&#8221;{}&#8221;]<\/p>\n<p> <span style=\"font-size: 14px;\">Rooms are equipped with air conditioner, cable TV, fridge, coffee machine, wardrobe and private bathroom with shower and hair dryer. Rooms are equipped with air conditioner, cable TV, fridge, coffee machine, wardrobe and private bathroom with shower and hair dryer.<\/span><\/p>\n<p>Breakfast service not available, although you can use our fully equipped share kitchen to prepare and enjoy your breakfast.<span style=\"font-size: 14px;\"><\/span><\/p>\n<div id=\"summary\" class=\"\">\n<div id=\"property_description_content\">\n<p>You will find a family and easy-going atmosphere, where our team is always available.<\/p>\n<p>&nbsp;<\/p>\n<\/div>\n<\/div>\n<p class=\"hp-desc-we-speak\">We speak your language!<\/p>\n<p>[\/et_pb_text][et_pb_text _builder_version=&#8221;4.10.3&#8243; _module_preset=&#8221;default&#8221; custom_margin=&#8221;||19px|||&#8221; global_colors_info=&#8221;{}&#8221;]<\/p>\n<h3>reservations<\/h3>\n<p>[\/et_pb_text][et_pb_text _builder_version=&#8221;4.10.3&#8243; _module_preset=&#8221;default&#8221; custom_margin=&#8221;||35px|||&#8221; global_colors_info=&#8221;{}&#8221;]<\/p>\n<div id=\"summary\" class=\"\">\n<div id=\"property_description_content\">\n<p>Book your stay with us:<span><\/span><\/p>\n<p><span>Rua Direita de Palma, 15<\/span><br \/><span>1600-179 Lisboa<\/span><br \/><span>reservas@comtesselisbonne.pt<\/span><br \/><span>+351 964 071 100<\/span><\/p>\n<\/div>\n<\/div>\n<p class=\"hp-desc-we-speak\">\n<p>[\/et_pb_text][\/et_pb_column][\/et_pb_row][\/et_pb_section]<\/p>\n","protected":false},"excerpt":{"rendered":"<p>Comtesse Lisbonne Guesthouse, comfortable rooms for an unforgettable stay! Exclusive and luxury rooms, with a unique decoration. All rooms are equipped with coffee machine and minibar. Free parking available under booking.Location and Services Comtesse Lisbonne Guest House is located in Lisbon, at 4 miles from Est\u00e1dio da Luz and 1 mile from Lisbon Zoo. Our [&hellip;]<\/p>\n","protected":false},"author":1,"featured_media":0,"parent":0,"menu_order":0,"comment_status":"closed","ping_status":"closed","template":"","meta":{"_et_pb_use_builder":"on","_et_pb_old_content":"","_et_gb_content_width":""},"yoast_head":"<!-- This site is optimized with the Yoast SEO plugin v19.10 - https:\/\/yoast.com\/wordpress\/plugins\/seo\/ -->\n<title>Guest House nas Laranjeiras - Comtesse Lisbonne<\/title>\n<meta name=\"description\" content=\"Guest House nas Laranjeiras perto do Est\u00e1dio Luz, Jardim Zool\u00f3gico, Universidade Cat\u00f3lica e Hospital Lus\u00edadas. Alojamento Local com requinte.\" \/>\n<meta name=\"robots\" content=\"index, follow, max-snippet:-1, max-image-preview:large, max-video-preview:-1\" \/>\n<link rel=\"canonical\" href=\"https:\/\/comtesselisbonne.pt\/en\/guest-house-2\/\" \/>\n<meta property=\"og:locale\" content=\"en_US\" \/>\n<meta property=\"og:type\" content=\"article\" \/>\n<meta property=\"og:title\" content=\"Guest House nas Laranjeiras - Comtesse Lisbonne\" \/>\n<meta property=\"og:description\" content=\"Guest House nas Laranjeiras perto do Est\u00e1dio Luz, Jardim Zool\u00f3gico, Universidade Cat\u00f3lica e Hospital Lus\u00edadas. Alojamento Local com requinte.\" \/>\n<meta property=\"og:url\" content=\"https:\/\/comtesselisbonne.pt\/en\/guest-house-2\/\" \/>\n<meta property=\"og:site_name\" content=\"Comtesse Lisbonne\" \/>\n<meta property=\"article:modified_time\" content=\"2024-12-05T14:49:44+00:00\" \/>\n<meta name=\"twitter:card\" content=\"summary_large_image\" \/>\n<meta name=\"twitter:label1\" content=\"Est. reading time\" \/>\n\t<meta name=\"twitter:data1\" content=\"4 minutes\" \/>\n<script type=\"application\/ld+json\" class=\"yoast-schema-graph\">{\"@context\":\"https:\/\/schema.org\",\"@graph\":[{\"@type\":\"WebPage\",\"@id\":\"https:\/\/comtesselisbonne.pt\/en\/guest-house-2\/\",\"url\":\"https:\/\/comtesselisbonne.pt\/en\/guest-house-2\/\",\"name\":\"Guest House nas Laranjeiras - Comtesse Lisbonne\",\"isPartOf\":{\"@id\":\"https:\/\/comtesselisbonne.pt\/en\/#website\"},\"datePublished\":\"2021-08-24T16:02:16+00:00\",\"dateModified\":\"2024-12-05T14:49:44+00:00\",\"description\":\"Guest House nas Laranjeiras perto do Est\u00e1dio Luz, Jardim Zool\u00f3gico, Universidade Cat\u00f3lica e Hospital Lus\u00edadas. Alojamento Local com requinte.\",\"breadcrumb\":{\"@id\":\"https:\/\/comtesselisbonne.pt\/en\/guest-house-2\/#breadcrumb\"},\"inLanguage\":\"en-US\",\"potentialAction\":[{\"@type\":\"ReadAction\",\"target\":[\"https:\/\/comtesselisbonne.pt\/en\/guest-house-2\/\"]}]},{\"@type\":\"BreadcrumbList\",\"@id\":\"https:\/\/comtesselisbonne.pt\/en\/guest-house-2\/#breadcrumb\",\"itemListElement\":[{\"@type\":\"ListItem\",\"position\":1,\"name\":\"In\u00edcio\",\"item\":\"https:\/\/comtesselisbonne.pt\/en\/\"},{\"@type\":\"ListItem\",\"position\":2,\"name\":\"Guest House\"}]},{\"@type\":\"WebSite\",\"@id\":\"https:\/\/comtesselisbonne.pt\/en\/#website\",\"url\":\"https:\/\/comtesselisbonne.pt\/en\/\",\"name\":\"Comtesse Lisbonne\",\"description\":\"Apartments - Guest House\",\"publisher\":{\"@id\":\"https:\/\/comtesselisbonne.pt\/en\/#organization\"},\"potentialAction\":[{\"@type\":\"SearchAction\",\"target\":{\"@type\":\"EntryPoint\",\"urlTemplate\":\"https:\/\/comtesselisbonne.pt\/en\/?s={search_term_string}\"},\"query-input\":\"required name=search_term_string\"}],\"inLanguage\":\"en-US\"},{\"@type\":\"Organization\",\"@id\":\"https:\/\/comtesselisbonne.pt\/en\/#organization\",\"name\":\"Comtesse Lisbonne\",\"url\":\"https:\/\/comtesselisbonne.pt\/en\/\",\"logo\":{\"@type\":\"ImageObject\",\"inLanguage\":\"en-US\",\"@id\":\"https:\/\/comtesselisbonne.pt\/en\/#\/schema\/logo\/image\/\",\"url\":\"https:\/\/comtesselisbonne.pt\/wp-content\/uploads\/2021\/08\/Logo-Comtesse-Lisbonne-simple.svg\",\"contentUrl\":\"https:\/\/comtesselisbonne.pt\/wp-content\/uploads\/2021\/08\/Logo-Comtesse-Lisbonne-simple.svg\",\"width\":646,\"height\":172,\"caption\":\"Comtesse Lisbonne\"},\"image\":{\"@id\":\"https:\/\/comtesselisbonne.pt\/en\/#\/schema\/logo\/image\/\"}}]}<\/script>\n<!-- \/ Yoast SEO plugin. -->","yoast_head_json":{"title":"Guest House nas Laranjeiras - Comtesse Lisbonne","description":"Guest House nas Laranjeiras perto do Est\u00e1dio Luz, Jardim Zool\u00f3gico, Universidade Cat\u00f3lica e Hospital Lus\u00edadas. Alojamento Local com requinte.","robots":{"index":"index","follow":"follow","max-snippet":"max-snippet:-1","max-image-preview":"max-image-preview:large","max-video-preview":"max-video-preview:-1"},"canonical":"https:\/\/comtesselisbonne.pt\/en\/guest-house-2\/","og_locale":"en_US","og_type":"article","og_title":"Guest House nas Laranjeiras - Comtesse Lisbonne","og_description":"Guest House nas Laranjeiras perto do Est\u00e1dio Luz, Jardim Zool\u00f3gico, Universidade Cat\u00f3lica e Hospital Lus\u00edadas. Alojamento Local com requinte.","og_url":"https:\/\/comtesselisbonne.pt\/en\/guest-house-2\/","og_site_name":"Comtesse Lisbonne","article_modified_time":"2024-12-05T14:49:44+00:00","twitter_card":"summary_large_image","twitter_misc":{"Est. reading time":"4 minutes"},"schema":{"@context":"https:\/\/schema.org","@graph":[{"@type":"WebPage","@id":"https:\/\/comtesselisbonne.pt\/en\/guest-house-2\/","url":"https:\/\/comtesselisbonne.pt\/en\/guest-house-2\/","name":"Guest House nas Laranjeiras - Comtesse Lisbonne","isPartOf":{"@id":"https:\/\/comtesselisbonne.pt\/en\/#website"},"datePublished":"2021-08-24T16:02:16+00:00","dateModified":"2024-12-05T14:49:44+00:00","description":"Guest House nas Laranjeiras perto do Est\u00e1dio Luz, Jardim Zool\u00f3gico, Universidade Cat\u00f3lica e Hospital Lus\u00edadas. Alojamento Local com requinte.","breadcrumb":{"@id":"https:\/\/comtesselisbonne.pt\/en\/guest-house-2\/#breadcrumb"},"inLanguage":"en-US","potentialAction":[{"@type":"ReadAction","target":["https:\/\/comtesselisbonne.pt\/en\/guest-house-2\/"]}]},{"@type":"BreadcrumbList","@id":"https:\/\/comtesselisbonne.pt\/en\/guest-house-2\/#breadcrumb","itemListElement":[{"@type":"ListItem","position":1,"name":"In\u00edcio","item":"https:\/\/comtesselisbonne.pt\/en\/"},{"@type":"ListItem","position":2,"name":"Guest House"}]},{"@type":"WebSite","@id":"https:\/\/comtesselisbonne.pt\/en\/#website","url":"https:\/\/comtesselisbonne.pt\/en\/","name":"Comtesse Lisbonne","description":"Apartments - Guest House","publisher":{"@id":"https:\/\/comtesselisbonne.pt\/en\/#organization"},"potentialAction":[{"@type":"SearchAction","target":{"@type":"EntryPoint","urlTemplate":"https:\/\/comtesselisbonne.pt\/en\/?s={search_term_string}"},"query-input":"required name=search_term_string"}],"inLanguage":"en-US"},{"@type":"Organization","@id":"https:\/\/comtesselisbonne.pt\/en\/#organization","name":"Comtesse Lisbonne","url":"https:\/\/comtesselisbonne.pt\/en\/","logo":{"@type":"ImageObject","inLanguage":"en-US","@id":"https:\/\/comtesselisbonne.pt\/en\/#\/schema\/logo\/image\/","url":"https:\/\/comtesselisbonne.pt\/wp-content\/uploads\/2021\/08\/Logo-Comtesse-Lisbonne-simple.svg","contentUrl":"https:\/\/comtesselisbonne.pt\/wp-content\/uploads\/2021\/08\/Logo-Comtesse-Lisbonne-simple.svg","width":646,"height":172,"caption":"Comtesse Lisbonne"},"image":{"@id":"https:\/\/comtesselisbonne.pt\/en\/#\/schema\/logo\/image\/"}}]}},"_links":{"self":[{"href":"https:\/\/comtesselisbonne.pt\/en\/wp-json\/wp\/v2\/pages\/5597"}],"collection":[{"href":"https:\/\/comtesselisbonne.pt\/en\/wp-json\/wp\/v2\/pages"}],"about":[{"href":"https:\/\/comtesselisbonne.pt\/en\/wp-json\/wp\/v2\/types\/page"}],"author":[{"embeddable":true,"href":"https:\/\/comtesselisbonne.pt\/en\/wp-json\/wp\/v2\/users\/1"}],"replies":[{"embeddable":true,"href":"https:\/\/comtesselisbonne.pt\/en\/wp-json\/wp\/v2\/comments?post=5597"}],"version-history":[{"count":7,"href":"https:\/\/comtesselisbonne.pt\/en\/wp-json\/wp\/v2\/pages\/5597\/revisions"}],"predecessor-version":[{"id":5787,"href":"https:\/\/comtesselisbonne.pt\/en\/wp-json\/wp\/v2\/pages\/5597\/revisions\/5787"}],"wp:attachment":[{"href":"https:\/\/comtesselisbonne.pt\/en\/wp-json\/wp\/v2\/media?parent=5597"}],"curies":[{"name":"wp","href":"https:\/\/api.w.org\/{rel}","templated":true}]}}