{"id":5379,"date":"2021-08-24T16:50:00","date_gmt":"2021-08-24T16:50:00","guid":{"rendered":"https:\/\/comtesselisbonne.pt\/book-now\/"},"modified":"2023-03-03T11:57:11","modified_gmt":"2023-03-03T11:57:11","slug":"book-now","status":"publish","type":"page","link":"https:\/\/comtesselisbonne.pt\/es\/book-now\/","title":{"rendered":"Book Now"},"content":{"rendered":"<p>[et_pb_section fb_built=\u00bb1&#8243; module_class=\u00bbsec-header-pags\u00bb _builder_version=\u00bb4.10.3&#8243; _module_preset=\u00bbdefault\u00bb use_background_color_gradient=\u00bbon\u00bb background_color_gradient_start=\u00bbrgba(54,54,54,0.56)\u00bb background_color_gradient_end=\u00bbrgba(54,54,54,0.56)\u00bb background_color_gradient_overlays_image=\u00bbon\u00bb background_image=\u00bbhttps:\/\/comtesselisbonne.pt\/wp-content\/uploads\/2021\/08\/21_Rua-da-Condessa-28-1.jpg\u00bb custom_margin=\u00bb|24px||24px|false|true\u00bb custom_margin_tablet=\u00bb|16px||16px|false|true\u00bb custom_margin_phone=\u00bb|14px||14px|false|true\u00bb custom_margin_last_edited=\u00bbon|phone\u00bb custom_padding=\u00bb||50px|||\u00bb global_module=\u00bb4810&#8243; saved_tabs=\u00bball\u00bb locked=\u00bbon\u00bb global_colors_info=\u00bb{}\u00bb][et_pb_row _builder_version=\u00bb4.10.3&#8243; _module_preset=\u00bbdefault\u00bb custom_padding=\u00bb0px||0px||true|false\u00bb locked=\u00bboff\u00bb global_colors_info=\u00bb{}\u00bb][et_pb_column type=\u00bb4_4&#8243; _builder_version=\u00bb4.10.3&#8243; _module_preset=\u00bbdefault\u00bb global_colors_info=\u00bb{}\u00bb][et_pb_text admin_label=\u00bbText\u00bb _builder_version=\u00bb4.10.3&#8243; _dynamic_attributes=\u00bbcontent\u00bb _module_preset=\u00bbdefault\u00bb text_font=\u00bbPlayfair Display|||on|||||\u00bb text_text_color=\u00bb#FFFFFF\u00bb text_font_size=\u00bb48px\u00bb text_line_height=\u00bb1.3em\u00bb text_orientation=\u00bbcenter\u00bb text_font_size_tablet=\u00bb36px\u00bb text_font_size_phone=\u00bb30px\u00bb text_font_size_last_edited=\u00bbon|desktop\u00bb global_colors_info=\u00bb{}\u00bb]@ET-DC@eyJkeW5hbWljIjp0cnVlLCJjb250ZW50IjoicG9zdF90aXRsZSIsInNldHRpbmdzIjp7ImJlZm9yZSI6IiIsImFmdGVyIjoiIn19@[\/et_pb_text][\/et_pb_column][\/et_pb_row][\/et_pb_section][et_pb_section fb_built=\u00bb1&#8243; _builder_version=\u00bb4.7.7&#8243; _module_preset=\u00bbdefault\u00bb custom_padding=\u00bb60px||0px|||\u00bb global_colors_info=\u00bb{}\u00bb][et_pb_row _builder_version=\u00bb4.10.3&#8243; _module_preset=\u00bbdefault\u00bb custom_padding=\u00bb1px||35px|||\u00bb custom_css_main_element=\u00bbmax-width: 900px !important;\u00bb global_colors_info=\u00bb{}\u00bb][et_pb_column type=\u00bb4_4&#8243; _builder_version=\u00bb4.10.3&#8243; _module_preset=\u00bbdefault\u00bb global_colors_info=\u00bb{}\u00bb][et_pb_text _builder_version=\u00bb4.10.3&#8243; _module_preset=\u00bbdefault\u00bb text_orientation=\u00bbcenter\u00bb custom_margin=\u00bb||0px|||\u00bb global_colors_info=\u00bb{}\u00bb]Selecciona las fechas deseadas y verifica las ofertas y disponibilidad.<\/p>\n<p>Para alguna duda o informaci\u00f3n, cont\u00e1ctanos por tel\u00e9fono y te ayudamos.<\/p>\n<p>&nbsp;<br \/>\n[\/et_pb_text][\/et_pb_column][\/et_pb_row][\/et_pb_section][et_pb_section fb_built=\u00bb1&#8243; module_class=\u00bblarge-sec\u00bb _builder_version=\u00bb4.10.4&#8243; _module_preset=\u00bbdefault\u00bb custom_padding=\u00bb0px||0px|||\u00bb global_module=\u00bb4889&#8243; saved_tabs=\u00bball\u00bb global_colors_info=\u00bb{}\u00bb][et_pb_row _builder_version=\u00bb4.10.4&#8243; _module_preset=\u00bbdefault\u00bb background_enable_color=\u00bboff\u00bb custom_padding=\u00bb0px||0px||false|false\u00bb global_colors_info=\u00bb{}\u00bb][et_pb_column type=\u00bb4_4&#8243; _builder_version=\u00bb4.10.4&#8243; _module_preset=\u00bbdefault\u00bb global_colors_info=\u00bb{}\u00bb][et_pb_code _builder_version=\u00bb4.10.4&#8243; _module_preset=\u00bbdefault\u00bb global_colors_info=\u00bb{}\u00bb]<\/p>\n<div id=\"apartmentIframeAll\"><!-- [et_pb_line_break_holder] --><script type=\"text\/javascript\" src=\"https:\/\/login.smoobu.com\/js\/Settings\/BookingToolIframe.js\"><\/script><!-- [et_pb_line_break_holder] --><script>BookingToolIframe.initialize({\"url\": \"https:\/\/login.smoobu.com\/pt\/booking-tool\/iframe\/248857?apartmentGroups[]=837502&apartmentGroups[]=837469&apartmentGroups[]=837481&apartmentGroups[]=837484&apartmentGroups[]=837274&apartmentGroups[]=837499&apartmentGroups[]=837517&apartmentGroups[]=837496&apartmentGroups[]=837478&apartmentGroups[]=837271&apartmentGroups[]=837262&apartmentGroups[]=837487&apartmentGroups[]=837490&apartmentGroups[]=837508&apartmentGroups[]=837475&apartmentGroups[]=837505&apartmentGroups[]=837493&apartmentGroups[]=837472&apartmentGroups[]=924922&apartmentGroups[]=837586&apartmentGroups[]=837565&apartmentGroups[]=837568&apartmentGroups[]=837571&apartmentGroups[]=837580&apartmentGroups[]=837583&apartmentGroups[]=837574&apartmentGroups[]=837577&apartmentGroups[]=837562\", \"baseUrl\": \"https:\/\/login.smoobu.com\", \"target\": \"#apartmentIframeAll\"})<\/script><!-- [et_pb_line_break_holder] --><\/div>\n<p>[\/et_pb_code][\/et_pb_column][\/et_pb_row][\/et_pb_section]<\/p>\n","protected":false},"excerpt":{"rendered":"<p>Selecciona las fechas deseadas y verifica las ofertas y disponibilidad. Para alguna duda o informaci\u00f3n, cont\u00e1ctanos por tel\u00e9fono y te ayudamos. &nbsp;<\/p>\n","protected":false},"author":1,"featured_media":0,"parent":0,"menu_order":0,"comment_status":"closed","ping_status":"closed","template":"","meta":{"_et_pb_use_builder":"on","_et_pb_old_content":"","_et_gb_content_width":""},"yoast_head":"<!-- This site is optimized with the Yoast SEO plugin v19.10 - https:\/\/yoast.com\/wordpress\/plugins\/seo\/ -->\n<title>Reservas Alojamentos Lisboa - Comtesse Lisbonne<\/title>\n<meta name=\"description\" content=\"Reservas Alojamentos Lisboa. Reserve o seu alojamento no Chiado ou Laranjeiras, perto do Zool\u00f3gico, Est\u00e1dio da Luz e Hospital Lus\u00edadas.\" \/>\n<meta name=\"robots\" content=\"index, follow, max-snippet:-1, max-image-preview:large, max-video-preview:-1\" \/>\n<link rel=\"canonical\" href=\"https:\/\/comtesselisbonne.pt\/es\/book-now\/\" \/>\n<meta property=\"og:locale\" content=\"es_ES\" \/>\n<meta property=\"og:type\" content=\"article\" \/>\n<meta property=\"og:title\" content=\"Reservas Alojamentos Lisboa - Comtesse Lisbonne\" \/>\n<meta property=\"og:description\" content=\"Reservas Alojamentos Lisboa. Reserve o seu alojamento no Chiado ou Laranjeiras, perto do Zool\u00f3gico, Est\u00e1dio da Luz e Hospital Lus\u00edadas.\" \/>\n<meta property=\"og:url\" content=\"https:\/\/comtesselisbonne.pt\/es\/book-now\/\" \/>\n<meta property=\"og:site_name\" content=\"Comtesse Lisbonne\" \/>\n<meta property=\"article:modified_time\" content=\"2023-03-03T11:57:11+00:00\" \/>\n<meta name=\"twitter:card\" content=\"summary_large_image\" \/>\n<meta name=\"twitter:label1\" content=\"Tiempo de lectura\" \/>\n\t<meta name=\"twitter:data1\" content=\"2 minutos\" \/>\n<script type=\"application\/ld+json\" class=\"yoast-schema-graph\">{\"@context\":\"https:\/\/schema.org\",\"@graph\":[{\"@type\":\"WebPage\",\"@id\":\"https:\/\/comtesselisbonne.pt\/es\/book-now\/\",\"url\":\"https:\/\/comtesselisbonne.pt\/es\/book-now\/\",\"name\":\"Reservas Alojamentos Lisboa - Comtesse Lisbonne\",\"isPartOf\":{\"@id\":\"https:\/\/comtesselisbonne.pt\/es\/#website\"},\"datePublished\":\"2021-08-24T16:50:00+00:00\",\"dateModified\":\"2023-03-03T11:57:11+00:00\",\"description\":\"Reservas Alojamentos Lisboa. Reserve o seu alojamento no Chiado ou Laranjeiras, perto do Zool\u00f3gico, Est\u00e1dio da Luz e Hospital Lus\u00edadas.\",\"breadcrumb\":{\"@id\":\"https:\/\/comtesselisbonne.pt\/es\/book-now\/#breadcrumb\"},\"inLanguage\":\"es\",\"potentialAction\":[{\"@type\":\"ReadAction\",\"target\":[\"https:\/\/comtesselisbonne.pt\/es\/book-now\/\"]}]},{\"@type\":\"BreadcrumbList\",\"@id\":\"https:\/\/comtesselisbonne.pt\/es\/book-now\/#breadcrumb\",\"itemListElement\":[{\"@type\":\"ListItem\",\"position\":1,\"name\":\"In\u00edcio\",\"item\":\"https:\/\/comtesselisbonne.pt\/es\/\"},{\"@type\":\"ListItem\",\"position\":2,\"name\":\"Book Now\"}]},{\"@type\":\"WebSite\",\"@id\":\"https:\/\/comtesselisbonne.pt\/es\/#website\",\"url\":\"https:\/\/comtesselisbonne.pt\/es\/\",\"name\":\"Comtesse Lisbonne\",\"description\":\"Apartments - Guest House\",\"publisher\":{\"@id\":\"https:\/\/comtesselisbonne.pt\/es\/#organization\"},\"potentialAction\":[{\"@type\":\"SearchAction\",\"target\":{\"@type\":\"EntryPoint\",\"urlTemplate\":\"https:\/\/comtesselisbonne.pt\/es\/?s={search_term_string}\"},\"query-input\":\"required name=search_term_string\"}],\"inLanguage\":\"es\"},{\"@type\":\"Organization\",\"@id\":\"https:\/\/comtesselisbonne.pt\/es\/#organization\",\"name\":\"Comtesse Lisbonne\",\"url\":\"https:\/\/comtesselisbonne.pt\/es\/\",\"logo\":{\"@type\":\"ImageObject\",\"inLanguage\":\"es\",\"@id\":\"https:\/\/comtesselisbonne.pt\/es\/#\/schema\/logo\/image\/\",\"url\":\"https:\/\/comtesselisbonne.pt\/wp-content\/uploads\/2021\/08\/Logo-Comtesse-Lisbonne-simple.svg\",\"contentUrl\":\"https:\/\/comtesselisbonne.pt\/wp-content\/uploads\/2021\/08\/Logo-Comtesse-Lisbonne-simple.svg\",\"width\":646,\"height\":172,\"caption\":\"Comtesse Lisbonne\"},\"image\":{\"@id\":\"https:\/\/comtesselisbonne.pt\/es\/#\/schema\/logo\/image\/\"}}]}<\/script>\n<!-- \/ Yoast SEO plugin. -->","yoast_head_json":{"title":"Reservas Alojamentos Lisboa - Comtesse Lisbonne","description":"Reservas Alojamentos Lisboa. Reserve o seu alojamento no Chiado ou Laranjeiras, perto do Zool\u00f3gico, Est\u00e1dio da Luz e Hospital Lus\u00edadas.","robots":{"index":"index","follow":"follow","max-snippet":"max-snippet:-1","max-image-preview":"max-image-preview:large","max-video-preview":"max-video-preview:-1"},"canonical":"https:\/\/comtesselisbonne.pt\/es\/book-now\/","og_locale":"es_ES","og_type":"article","og_title":"Reservas Alojamentos Lisboa - Comtesse Lisbonne","og_description":"Reservas Alojamentos Lisboa. Reserve o seu alojamento no Chiado ou Laranjeiras, perto do Zool\u00f3gico, Est\u00e1dio da Luz e Hospital Lus\u00edadas.","og_url":"https:\/\/comtesselisbonne.pt\/es\/book-now\/","og_site_name":"Comtesse Lisbonne","article_modified_time":"2023-03-03T11:57:11+00:00","twitter_card":"summary_large_image","twitter_misc":{"Tiempo de lectura":"2 minutos"},"schema":{"@context":"https:\/\/schema.org","@graph":[{"@type":"WebPage","@id":"https:\/\/comtesselisbonne.pt\/es\/book-now\/","url":"https:\/\/comtesselisbonne.pt\/es\/book-now\/","name":"Reservas Alojamentos Lisboa - Comtesse Lisbonne","isPartOf":{"@id":"https:\/\/comtesselisbonne.pt\/es\/#website"},"datePublished":"2021-08-24T16:50:00+00:00","dateModified":"2023-03-03T11:57:11+00:00","description":"Reservas Alojamentos Lisboa. Reserve o seu alojamento no Chiado ou Laranjeiras, perto do Zool\u00f3gico, Est\u00e1dio da Luz e Hospital Lus\u00edadas.","breadcrumb":{"@id":"https:\/\/comtesselisbonne.pt\/es\/book-now\/#breadcrumb"},"inLanguage":"es","potentialAction":[{"@type":"ReadAction","target":["https:\/\/comtesselisbonne.pt\/es\/book-now\/"]}]},{"@type":"BreadcrumbList","@id":"https:\/\/comtesselisbonne.pt\/es\/book-now\/#breadcrumb","itemListElement":[{"@type":"ListItem","position":1,"name":"In\u00edcio","item":"https:\/\/comtesselisbonne.pt\/es\/"},{"@type":"ListItem","position":2,"name":"Book Now"}]},{"@type":"WebSite","@id":"https:\/\/comtesselisbonne.pt\/es\/#website","url":"https:\/\/comtesselisbonne.pt\/es\/","name":"Comtesse Lisbonne","description":"Apartments - Guest House","publisher":{"@id":"https:\/\/comtesselisbonne.pt\/es\/#organization"},"potentialAction":[{"@type":"SearchAction","target":{"@type":"EntryPoint","urlTemplate":"https:\/\/comtesselisbonne.pt\/es\/?s={search_term_string}"},"query-input":"required name=search_term_string"}],"inLanguage":"es"},{"@type":"Organization","@id":"https:\/\/comtesselisbonne.pt\/es\/#organization","name":"Comtesse Lisbonne","url":"https:\/\/comtesselisbonne.pt\/es\/","logo":{"@type":"ImageObject","inLanguage":"es","@id":"https:\/\/comtesselisbonne.pt\/es\/#\/schema\/logo\/image\/","url":"https:\/\/comtesselisbonne.pt\/wp-content\/uploads\/2021\/08\/Logo-Comtesse-Lisbonne-simple.svg","contentUrl":"https:\/\/comtesselisbonne.pt\/wp-content\/uploads\/2021\/08\/Logo-Comtesse-Lisbonne-simple.svg","width":646,"height":172,"caption":"Comtesse Lisbonne"},"image":{"@id":"https:\/\/comtesselisbonne.pt\/es\/#\/schema\/logo\/image\/"}}]}},"_links":{"self":[{"href":"https:\/\/comtesselisbonne.pt\/es\/wp-json\/wp\/v2\/pages\/5379"}],"collection":[{"href":"https:\/\/comtesselisbonne.pt\/es\/wp-json\/wp\/v2\/pages"}],"about":[{"href":"https:\/\/comtesselisbonne.pt\/es\/wp-json\/wp\/v2\/types\/page"}],"author":[{"embeddable":true,"href":"https:\/\/comtesselisbonne.pt\/es\/wp-json\/wp\/v2\/users\/1"}],"replies":[{"embeddable":true,"href":"https:\/\/comtesselisbonne.pt\/es\/wp-json\/wp\/v2\/comments?post=5379"}],"version-history":[{"count":9,"href":"https:\/\/comtesselisbonne.pt\/es\/wp-json\/wp\/v2\/pages\/5379\/revisions"}],"predecessor-version":[{"id":5661,"href":"https:\/\/comtesselisbonne.pt\/es\/wp-json\/wp\/v2\/pages\/5379\/revisions\/5661"}],"wp:attachment":[{"href":"https:\/\/comtesselisbonne.pt\/es\/wp-json\/wp\/v2\/media?parent=5379"}],"curies":[{"name":"wp","href":"https:\/\/api.w.org\/{rel}","templated":true}]}}