{"id":5392,"date":"2021-08-24T16:02:16","date_gmt":"2021-08-24T16:02:16","guid":{"rendered":"https:\/\/comtesselisbonne.pt\/guest-house\/"},"modified":"2024-12-05T15:04:19","modified_gmt":"2024-12-05T15:04:19","slug":"guest-house-2","status":"publish","type":"page","link":"https:\/\/comtesselisbonne.pt\/es\/guest-house-2\/","title":{"rendered":"Guest House"},"content":{"rendered":"<p>[et_pb_section fb_built=\u00bb1&#8243; module_class=\u00bbsec-header-pags\u00bb _builder_version=\u00bb4.10.3&#8243; _module_preset=\u00bbdefault\u00bb use_background_color_gradient=\u00bbon\u00bb background_color_gradient_start=\u00bbrgba(54,54,54,0.56)\u00bb background_color_gradient_end=\u00bbrgba(54,54,54,0.56)\u00bb background_color_gradient_overlays_image=\u00bbon\u00bb background_image=\u00bbhttps:\/\/comtesselisbonne.pt\/wp-content\/uploads\/2021\/08\/21_Rua-da-Condessa-28-1.jpg\u00bb custom_margin=\u00bb|24px||24px|false|true\u00bb custom_margin_tablet=\u00bb|16px||16px|false|true\u00bb custom_margin_phone=\u00bb|14px||14px|false|true\u00bb custom_margin_last_edited=\u00bbon|phone\u00bb custom_padding=\u00bb||50px|||\u00bb saved_tabs=\u00bball\u00bb locked=\u00bbon\u00bb global_colors_info=\u00bb{}\u00bb][et_pb_row _builder_version=\u00bb4.10.3&#8243; _module_preset=\u00bbdefault\u00bb custom_padding=\u00bb0px||0px||true|false\u00bb locked=\u00bboff\u00bb global_colors_info=\u00bb{}\u00bb][et_pb_column type=\u00bb4_4&#8243; _builder_version=\u00bb4.10.3&#8243; _module_preset=\u00bbdefault\u00bb global_colors_info=\u00bb{}\u00bb][et_pb_text admin_label=\u00bbText\u00bb _builder_version=\u00bb4.10.3&#8243; _dynamic_attributes=\u00bbcontent\u00bb _module_preset=\u00bbdefault\u00bb text_font=\u00bbPlayfair Display|||on|||||\u00bb text_text_color=\u00bb#FFFFFF\u00bb text_font_size=\u00bb48px\u00bb text_line_height=\u00bb1.3em\u00bb text_orientation=\u00bbcenter\u00bb text_font_size_tablet=\u00bb36px\u00bb text_font_size_phone=\u00bb30px\u00bb text_font_size_last_edited=\u00bbon|desktop\u00bb global_colors_info=\u00bb{}\u00bb]@ET-DC@eyJkeW5hbWljIjp0cnVlLCJjb250ZW50IjoicG9zdF90aXRsZSIsInNldHRpbmdzIjp7ImJlZm9yZSI6IiIsImFmdGVyIjoiIn19@[\/et_pb_text][\/et_pb_column][\/et_pb_row][\/et_pb_section][et_pb_section fb_built=\u00bb1&#8243; _builder_version=\u00bb4.7.7&#8243; _module_preset=\u00bbdefault\u00bb custom_padding=\u00bb60px||5px|||\u00bb global_colors_info=\u00bb{}\u00bb][et_pb_row _builder_version=\u00bb4.10.4&#8243; _module_preset=\u00bbdefault\u00bb custom_padding=\u00bb0px||20px||false|false\u00bb custom_css_main_element=\u00bbmax-width: 900px !important;\u00bb global_colors_info=\u00bb{}\u00bb][et_pb_column type=\u00bb4_4&#8243; _builder_version=\u00bb4.10.3&#8243; _module_preset=\u00bbdefault\u00bb global_colors_info=\u00bb{}\u00bb][et_pb_text _builder_version=\u00bb4.11.1&#8243; _module_preset=\u00bbdefault\u00bb text_orientation=\u00bbcenter\u00bb custom_margin=\u00bb||0px|||\u00bb hover_enabled=\u00bb0&#8243; global_colors_info=\u00bb{}\u00bb sticky_enabled=\u00bb0&#8243;]<\/p>\n<p>En Comtesse Lisbonne Guesthouse, ofrecemos habitaciones equipadas con todo el confort necesario para su estancia. Cada habitaci\u00f3n es \u00fanica, con una decoraci\u00f3n cl\u00e1sica y lujosa. Adem\u00e1s, cuentan con cafetera y minibar de uso personal.<\/p>\n<p>Disponemos de aparcamiento gratuito, que requiere reserva previa.<\/p>\n<p>[\/et_pb_text][\/et_pb_column][\/et_pb_row][\/et_pb_section][et_pb_section fb_built=\u00bb1&#8243; _builder_version=\u00bb4.10.4&#8243; _module_preset=\u00bbdefault\u00bb custom_padding=\u00bb0px||0px|||\u00bb saved_tabs=\u00bball\u00bb global_colors_info=\u00bb{}\u00bb][et_pb_row _builder_version=\u00bb4.10.4&#8243; _module_preset=\u00bbdefault\u00bb custom_padding=\u00bb15px||0px||false|false\u00bb custom_css_main_element=\u00bbmax-width: 1000px !important;\u00bb global_colors_info=\u00bb{}\u00bb][et_pb_column type=\u00bb4_4&#8243; _builder_version=\u00bb4.10.4&#8243; _module_preset=\u00bbdefault\u00bb global_colors_info=\u00bb{}\u00bb][et_pb_code _builder_version=\u00bb4.10.4&#8243; _module_preset=\u00bbdefault\u00bb global_colors_info=\u00bb{}\u00bb]<\/p>\n<div id=\"apartmentIframeAll\"><!-- [et_pb_line_break_holder] --><script type=\"text\/javascript\" src=\"https:\/\/login.smoobu.com\/js\/Settings\/BookingToolIframe.js\"><\/script><!-- [et_pb_line_break_holder] --><script>BookingToolIframe.initialize({\"url\": \"https:\/\/login.smoobu.com\/pt\/booking-tool\/iframe\/248857?apartmentGroups[]=837502&apartmentGroups[]=837469&apartmentGroups[]=837481&apartmentGroups[]=837484&apartmentGroups[]=837274&apartmentGroups[]=837499&apartmentGroups[]=837517&apartmentGroups[]=837496&apartmentGroups[]=837478&apartmentGroups[]=837271&apartmentGroups[]=837262&apartmentGroups[]=837487&apartmentGroups[]=837490&apartmentGroups[]=837508&apartmentGroups[]=837475&apartmentGroups[]=837505&apartmentGroups[]=837493&apartmentGroups[]=837472&apartmentGroups[]=924922\", \"baseUrl\": \"https:\/\/login.smoobu.com\", \"target\": \"#apartmentIframeAll\"})<\/script><!-- [et_pb_line_break_holder] --><\/div>\n<p>[\/et_pb_code][\/et_pb_column][\/et_pb_row][\/et_pb_section][et_pb_section fb_built=\u00bb1&#8243; _builder_version=\u00bb4.7.7&#8243; _module_preset=\u00bbdefault\u00bb custom_padding=\u00bb29px||35px|||\u00bb global_colors_info=\u00bb{}\u00bb][et_pb_row _builder_version=\u00bb4.10.3&#8243; _module_preset=\u00bbdefault\u00bb custom_padding=\u00bb0px||0px|||\u00bb global_colors_info=\u00bb{}\u00bb][et_pb_column type=\u00bb4_4&#8243; _builder_version=\u00bb4.10.3&#8243; _module_preset=\u00bbdefault\u00bb global_colors_info=\u00bb{}\u00bb][et_pb_gallery gallery_ids=\u00bb4765,4764,4731,5019,5021,5022,5024,5025&#8243; posts_number=\u00bb6&#8243; show_title_and_caption=\u00bboff\u00bb show_pagination=\u00bboff\u00bb zoom_icon_color=\u00bb#FFFFFF\u00bb hover_overlay_color=\u00bbrgba(54,54,54,0.56)\u00bb module_class=\u00bbgallery-hp\u00bb _builder_version=\u00bb4.11.1&#8243; _module_preset=\u00bbdefault\u00bb global_colors_info=\u00bb{}\u00bb][\/et_pb_gallery][\/et_pb_column][\/et_pb_row][et_pb_row _builder_version=\u00bb4.10.3&#8243; _module_preset=\u00bbdefault\u00bb custom_padding=\u00bb0px||0px|||\u00bb locked=\u00bboff\u00bb global_colors_info=\u00bb{}\u00bb][et_pb_column type=\u00bb4_4&#8243; _builder_version=\u00bb4.10.3&#8243; _module_preset=\u00bbdefault\u00bb global_colors_info=\u00bb{}\u00bb][et_pb_gallery gallery_ids=\u00bb5084,5083,5086,5087,5088,5089&#8243; posts_number=\u00bb6&#8243; show_title_and_caption=\u00bboff\u00bb show_pagination=\u00bboff\u00bb zoom_icon_color=\u00bb#FFFFFF\u00bb hover_overlay_color=\u00bbrgba(54,54,54,0.56)\u00bb module_class=\u00bbgallery-hp\u00bb _builder_version=\u00bb4.11.1&#8243; _module_preset=\u00bbdefault\u00bb global_colors_info=\u00bb{}\u00bb][\/et_pb_gallery][\/et_pb_column][\/et_pb_row][et_pb_row _builder_version=\u00bb4.10.3&#8243; _module_preset=\u00bbdefault\u00bb custom_padding=\u00bb50px|||||\u00bb custom_css_main_element=\u00bbmax-width: 900px !important;\u00bb global_colors_info=\u00bb{}\u00bb][et_pb_column type=\u00bb4_4&#8243; _builder_version=\u00bb4.10.3&#8243; _module_preset=\u00bbdefault\u00bb global_colors_info=\u00bb{}\u00bb][et_pb_text _builder_version=\u00bb4.10.3&#8243; _module_preset=\u00bbdefault\u00bb custom_margin=\u00bb||19px|||\u00bb global_colors_info=\u00bb{}\u00bb]<\/p>\n<h3>UBICACI\u00d3N Y COMODIDADES<\/h3>\n<p>[\/et_pb_text][et_pb_text _builder_version=\u00bb4.10.3&#8243; _module_preset=\u00bbdefault\u00bb custom_margin=\u00bb||35px|||\u00bb global_colors_info=\u00bb{}\u00bb]<\/p>\n<div id=\"summary\" class=\"\">\n<div id=\"property_description_content\">\n<p>Ubicado en Lisboa, a 2,6 km del Estadio de F\u00fatbol da Luz y a menos de 1 km del Zool\u00f3gico, la Comtesse Lisbonne Guest House ofrece alojamiento con sal\u00f3n compartido, Wi-Fi gratuito en toda la propiedad y aparcamiento privado gratuito para los hu\u00e9spedes que lleguen en coche. La propiedad est\u00e1 cerca de la estaci\u00f3n de tren y metro de Sete Rios, lo que facilita el acceso al centro de Lisboa. Es una excelente opci\u00f3n para quienes buscan alojamiento cerca de hospitales centrales para consultas o tratamientos m\u00e9dicos. El alojamiento dispone de habitaciones familiares.<\/p>\n<\/div>\n<\/div>\n<p class=\"hp-desc-we-speak\">\n<p>[\/et_pb_text][et_pb_text _builder_version=\u00bb4.10.3&#8243; _module_preset=\u00bbdefault\u00bb custom_margin=\u00bb||35px|||\u00bb global_colors_info=\u00bb{}\u00bb]<\/p>\n<p>Las habitaciones est\u00e1n equipadas con aire acondicionado, televisi\u00f3n de pantalla plana con canales por cable, nevera, cafetera, ducha, secador de pelo y armario. Cuentan con ba\u00f1o privado, art\u00edculos de aseo gratuitos y ropa de cama.<\/p>\n<p>No ofrecemos servicio de desayuno, pero puede utilizar nuestra cocina compartida, completamente equipada.<\/p>\n<p>Nuestro alojamiento ofrece un ambiente familiar y tranquilo, donde siempre encontrar\u00e1 nuestra disposici\u00f3n y amabilidad.<\/p>\n<p>\u00a1Hablamos su idioma!<\/p>\n<p>[\/et_pb_text][et_pb_text _builder_version=\u00bb4.10.3&#8243; _module_preset=\u00bbdefault\u00bb custom_margin=\u00bb||19px|||\u00bb global_colors_info=\u00bb{}\u00bb]<\/p>\n<h3>reservas<\/h3>\n<p>[\/et_pb_text][et_pb_text _builder_version=\u00bb4.10.3&#8243; _module_preset=\u00bbdefault\u00bb custom_margin=\u00bb||35px|||\u00bb global_colors_info=\u00bb{}\u00bb]<\/p>\n<div id=\"summary\" class=\"\">\n<div id=\"property_description_content\">\n<p><span>Rua Direita de Palma, 15<\/span><br \/><span>1600-179 Lisboa<\/span><br \/><span>reservas@comtesselisbonne.pt<\/span><br \/><span>+351 964 071 100<\/span><\/p>\n<\/div>\n<\/div>\n<p class=\"hp-desc-we-speak\">\n<p>[\/et_pb_text][\/et_pb_column][\/et_pb_row][\/et_pb_section]<\/p>\n","protected":false},"excerpt":{"rendered":"<p>En Comtesse Lisbonne Guesthouse, ofrecemos habitaciones equipadas con todo el confort necesario para su estancia. Cada habitaci\u00f3n es \u00fanica, con una decoraci\u00f3n cl\u00e1sica y lujosa. Adem\u00e1s, cuentan con cafetera y minibar de uso personal. Disponemos de aparcamiento gratuito, que requiere reserva previa.UBICACI\u00d3N Y COMODIDADES Ubicado en Lisboa, a 2,6 km del Estadio de F\u00fatbol da [&hellip;]<\/p>\n","protected":false},"author":1,"featured_media":0,"parent":0,"menu_order":0,"comment_status":"closed","ping_status":"closed","template":"","meta":{"_et_pb_use_builder":"on","_et_pb_old_content":"","_et_gb_content_width":""},"yoast_head":"<!-- This site is optimized with the Yoast SEO plugin v19.10 - https:\/\/yoast.com\/wordpress\/plugins\/seo\/ -->\n<title>Guest House - Comtesse Lisbonne<\/title>\n<meta name=\"robots\" content=\"index, follow, max-snippet:-1, max-image-preview:large, max-video-preview:-1\" \/>\n<link rel=\"canonical\" href=\"https:\/\/comtesselisbonne.pt\/es\/guest-house-2\/\" \/>\n<meta property=\"og:locale\" content=\"es_ES\" \/>\n<meta property=\"og:type\" content=\"article\" \/>\n<meta property=\"og:title\" content=\"Guest House - Comtesse Lisbonne\" \/>\n<meta property=\"og:description\" content=\"En Comtesse Lisbonne Guesthouse, ofrecemos habitaciones equipadas con todo el confort necesario para su estancia. Cada habitaci\u00f3n es \u00fanica, con una decoraci\u00f3n cl\u00e1sica y lujosa. Adem\u00e1s, cuentan con cafetera y minibar de uso personal. Disponemos de aparcamiento gratuito, que requiere reserva previa.UBICACI\u00d3N Y COMODIDADES Ubicado en Lisboa, a 2,6 km del Estadio de F\u00fatbol da [&hellip;]\" \/>\n<meta property=\"og:url\" content=\"https:\/\/comtesselisbonne.pt\/es\/guest-house-2\/\" \/>\n<meta property=\"og:site_name\" content=\"Comtesse Lisbonne\" \/>\n<meta property=\"article:modified_time\" content=\"2024-12-05T15:04:19+00:00\" \/>\n<meta name=\"twitter:card\" content=\"summary_large_image\" \/>\n<meta name=\"twitter:label1\" content=\"Tiempo de lectura\" \/>\n\t<meta name=\"twitter:data1\" content=\"4 minutos\" \/>\n<script type=\"application\/ld+json\" class=\"yoast-schema-graph\">{\"@context\":\"https:\/\/schema.org\",\"@graph\":[{\"@type\":\"WebPage\",\"@id\":\"https:\/\/comtesselisbonne.pt\/es\/guest-house-2\/\",\"url\":\"https:\/\/comtesselisbonne.pt\/es\/guest-house-2\/\",\"name\":\"Guest House - Comtesse Lisbonne\",\"isPartOf\":{\"@id\":\"https:\/\/comtesselisbonne.pt\/es\/#website\"},\"datePublished\":\"2021-08-24T16:02:16+00:00\",\"dateModified\":\"2024-12-05T15:04:19+00:00\",\"breadcrumb\":{\"@id\":\"https:\/\/comtesselisbonne.pt\/es\/guest-house-2\/#breadcrumb\"},\"inLanguage\":\"es\",\"potentialAction\":[{\"@type\":\"ReadAction\",\"target\":[\"https:\/\/comtesselisbonne.pt\/es\/guest-house-2\/\"]}]},{\"@type\":\"BreadcrumbList\",\"@id\":\"https:\/\/comtesselisbonne.pt\/es\/guest-house-2\/#breadcrumb\",\"itemListElement\":[{\"@type\":\"ListItem\",\"position\":1,\"name\":\"In\u00edcio\",\"item\":\"https:\/\/comtesselisbonne.pt\/es\/\"},{\"@type\":\"ListItem\",\"position\":2,\"name\":\"Guest House\"}]},{\"@type\":\"WebSite\",\"@id\":\"https:\/\/comtesselisbonne.pt\/es\/#website\",\"url\":\"https:\/\/comtesselisbonne.pt\/es\/\",\"name\":\"Comtesse Lisbonne\",\"description\":\"Apartments - Guest House\",\"publisher\":{\"@id\":\"https:\/\/comtesselisbonne.pt\/es\/#organization\"},\"potentialAction\":[{\"@type\":\"SearchAction\",\"target\":{\"@type\":\"EntryPoint\",\"urlTemplate\":\"https:\/\/comtesselisbonne.pt\/es\/?s={search_term_string}\"},\"query-input\":\"required name=search_term_string\"}],\"inLanguage\":\"es\"},{\"@type\":\"Organization\",\"@id\":\"https:\/\/comtesselisbonne.pt\/es\/#organization\",\"name\":\"Comtesse Lisbonne\",\"url\":\"https:\/\/comtesselisbonne.pt\/es\/\",\"logo\":{\"@type\":\"ImageObject\",\"inLanguage\":\"es\",\"@id\":\"https:\/\/comtesselisbonne.pt\/es\/#\/schema\/logo\/image\/\",\"url\":\"https:\/\/comtesselisbonne.pt\/wp-content\/uploads\/2021\/08\/Logo-Comtesse-Lisbonne-simple.svg\",\"contentUrl\":\"https:\/\/comtesselisbonne.pt\/wp-content\/uploads\/2021\/08\/Logo-Comtesse-Lisbonne-simple.svg\",\"width\":646,\"height\":172,\"caption\":\"Comtesse Lisbonne\"},\"image\":{\"@id\":\"https:\/\/comtesselisbonne.pt\/es\/#\/schema\/logo\/image\/\"}}]}<\/script>\n<!-- \/ Yoast SEO plugin. -->","yoast_head_json":{"title":"Guest House - Comtesse Lisbonne","robots":{"index":"index","follow":"follow","max-snippet":"max-snippet:-1","max-image-preview":"max-image-preview:large","max-video-preview":"max-video-preview:-1"},"canonical":"https:\/\/comtesselisbonne.pt\/es\/guest-house-2\/","og_locale":"es_ES","og_type":"article","og_title":"Guest House - Comtesse Lisbonne","og_description":"En Comtesse Lisbonne Guesthouse, ofrecemos habitaciones equipadas con todo el confort necesario para su estancia. Cada habitaci\u00f3n es \u00fanica, con una decoraci\u00f3n cl\u00e1sica y lujosa. Adem\u00e1s, cuentan con cafetera y minibar de uso personal. Disponemos de aparcamiento gratuito, que requiere reserva previa.UBICACI\u00d3N Y COMODIDADES Ubicado en Lisboa, a 2,6 km del Estadio de F\u00fatbol da [&hellip;]","og_url":"https:\/\/comtesselisbonne.pt\/es\/guest-house-2\/","og_site_name":"Comtesse Lisbonne","article_modified_time":"2024-12-05T15:04:19+00:00","twitter_card":"summary_large_image","twitter_misc":{"Tiempo de lectura":"4 minutos"},"schema":{"@context":"https:\/\/schema.org","@graph":[{"@type":"WebPage","@id":"https:\/\/comtesselisbonne.pt\/es\/guest-house-2\/","url":"https:\/\/comtesselisbonne.pt\/es\/guest-house-2\/","name":"Guest House - Comtesse Lisbonne","isPartOf":{"@id":"https:\/\/comtesselisbonne.pt\/es\/#website"},"datePublished":"2021-08-24T16:02:16+00:00","dateModified":"2024-12-05T15:04:19+00:00","breadcrumb":{"@id":"https:\/\/comtesselisbonne.pt\/es\/guest-house-2\/#breadcrumb"},"inLanguage":"es","potentialAction":[{"@type":"ReadAction","target":["https:\/\/comtesselisbonne.pt\/es\/guest-house-2\/"]}]},{"@type":"BreadcrumbList","@id":"https:\/\/comtesselisbonne.pt\/es\/guest-house-2\/#breadcrumb","itemListElement":[{"@type":"ListItem","position":1,"name":"In\u00edcio","item":"https:\/\/comtesselisbonne.pt\/es\/"},{"@type":"ListItem","position":2,"name":"Guest House"}]},{"@type":"WebSite","@id":"https:\/\/comtesselisbonne.pt\/es\/#website","url":"https:\/\/comtesselisbonne.pt\/es\/","name":"Comtesse Lisbonne","description":"Apartments - Guest House","publisher":{"@id":"https:\/\/comtesselisbonne.pt\/es\/#organization"},"potentialAction":[{"@type":"SearchAction","target":{"@type":"EntryPoint","urlTemplate":"https:\/\/comtesselisbonne.pt\/es\/?s={search_term_string}"},"query-input":"required name=search_term_string"}],"inLanguage":"es"},{"@type":"Organization","@id":"https:\/\/comtesselisbonne.pt\/es\/#organization","name":"Comtesse Lisbonne","url":"https:\/\/comtesselisbonne.pt\/es\/","logo":{"@type":"ImageObject","inLanguage":"es","@id":"https:\/\/comtesselisbonne.pt\/es\/#\/schema\/logo\/image\/","url":"https:\/\/comtesselisbonne.pt\/wp-content\/uploads\/2021\/08\/Logo-Comtesse-Lisbonne-simple.svg","contentUrl":"https:\/\/comtesselisbonne.pt\/wp-content\/uploads\/2021\/08\/Logo-Comtesse-Lisbonne-simple.svg","width":646,"height":172,"caption":"Comtesse Lisbonne"},"image":{"@id":"https:\/\/comtesselisbonne.pt\/es\/#\/schema\/logo\/image\/"}}]}},"_links":{"self":[{"href":"https:\/\/comtesselisbonne.pt\/es\/wp-json\/wp\/v2\/pages\/5392"}],"collection":[{"href":"https:\/\/comtesselisbonne.pt\/es\/wp-json\/wp\/v2\/pages"}],"about":[{"href":"https:\/\/comtesselisbonne.pt\/es\/wp-json\/wp\/v2\/types\/page"}],"author":[{"embeddable":true,"href":"https:\/\/comtesselisbonne.pt\/es\/wp-json\/wp\/v2\/users\/1"}],"replies":[{"embeddable":true,"href":"https:\/\/comtesselisbonne.pt\/es\/wp-json\/wp\/v2\/comments?post=5392"}],"version-history":[{"count":2,"href":"https:\/\/comtesselisbonne.pt\/es\/wp-json\/wp\/v2\/pages\/5392\/revisions"}],"predecessor-version":[{"id":5791,"href":"https:\/\/comtesselisbonne.pt\/es\/wp-json\/wp\/v2\/pages\/5392\/revisions\/5791"}],"wp:attachment":[{"href":"https:\/\/comtesselisbonne.pt\/es\/wp-json\/wp\/v2\/media?parent=5392"}],"curies":[{"name":"wp","href":"https:\/\/api.w.org\/{rel}","templated":true}]}}