{"id":5594,"date":"2021-05-14T16:44:52","date_gmt":"2021-05-14T16:44:52","guid":{"rendered":"https:\/\/comtesselisbonne.pt\/contactos-3\/"},"modified":"2024-12-05T13:50:18","modified_gmt":"2024-12-05T13:50:18","slug":"contactos","status":"publish","type":"page","link":"https:\/\/comtesselisbonne.pt\/es\/contactos\/","title":{"rendered":"Contactos"},"content":{"rendered":"<p>[et_pb_section fb_built=\u00bb1&#8243; module_class=\u00bbsec-header-pags\u00bb _builder_version=\u00bb4.10.3&#8243; _module_preset=\u00bbdefault\u00bb use_background_color_gradient=\u00bbon\u00bb background_color_gradient_start=\u00bbrgba(54,54,54,0.56)\u00bb background_color_gradient_end=\u00bbrgba(54,54,54,0.56)\u00bb background_color_gradient_overlays_image=\u00bbon\u00bb background_image=\u00bbhttps:\/\/comtesselisbonne.pt\/wp-content\/uploads\/2021\/08\/21_Rua-da-Condessa-28-1.jpg\u00bb custom_margin=\u00bb|24px||24px|false|true\u00bb custom_margin_tablet=\u00bb|16px||16px|false|true\u00bb custom_margin_phone=\u00bb|14px||14px|false|true\u00bb custom_margin_last_edited=\u00bbon|phone\u00bb custom_padding=\u00bb||50px|||\u00bb global_module=\u00bb4810&#8243; saved_tabs=\u00bball\u00bb locked=\u00bbon\u00bb global_colors_info=\u00bb{}\u00bb][et_pb_row _builder_version=\u00bb4.10.3&#8243; _module_preset=\u00bbdefault\u00bb custom_padding=\u00bb0px||0px||true|false\u00bb locked=\u00bboff\u00bb global_colors_info=\u00bb{}\u00bb][et_pb_column type=\u00bb4_4&#8243; _builder_version=\u00bb4.10.3&#8243; _module_preset=\u00bbdefault\u00bb global_colors_info=\u00bb{}\u00bb][et_pb_text admin_label=\u00bbText\u00bb _builder_version=\u00bb4.10.3&#8243; _dynamic_attributes=\u00bbcontent\u00bb _module_preset=\u00bbdefault\u00bb text_font=\u00bbPlayfair Display|||on|||||\u00bb text_text_color=\u00bb#FFFFFF\u00bb text_font_size=\u00bb48px\u00bb text_line_height=\u00bb1.3em\u00bb text_orientation=\u00bbcenter\u00bb text_font_size_tablet=\u00bb36px\u00bb text_font_size_phone=\u00bb30px\u00bb text_font_size_last_edited=\u00bbon|desktop\u00bb global_colors_info=\u00bb{}\u00bb]@ET-DC@eyJkeW5hbWljIjp0cnVlLCJjb250ZW50IjoicG9zdF90aXRsZSIsInNldHRpbmdzIjp7ImJlZm9yZSI6IiIsImFmdGVyIjoiIn19@[\/et_pb_text][\/et_pb_column][\/et_pb_row][\/et_pb_section][et_pb_section fb_built=\u00bb1&#8243; _builder_version=\u00bb4.7.7&#8243; _module_preset=\u00bbdefault\u00bb custom_padding=\u00bb50px||0px|||\u00bb global_colors_info=\u00bb{}\u00bb][et_pb_row column_structure=\u00bb1_3,1_3,1_3&#8243; _builder_version=\u00bb4.10.3&#8243; _module_preset=\u00bbdefault\u00bb background_enable_color=\u00bboff\u00bb max_width=\u00bb800px\u00bb module_alignment=\u00bbcenter\u00bb custom_padding=\u00bb||65px||false|false\u00bb global_colors_info=\u00bb{}\u00bb][et_pb_column type=\u00bb1_3&#8243; _builder_version=\u00bb4.10.3&#8243; _module_preset=\u00bbdefault\u00bb global_colors_info=\u00bb{}\u00bb][et_pb_blurb title=\u00bbTelefone\u00bb use_icon=\u00bbon\u00bb font_icon=\u00bb%%264%%\u00bb icon_placement=\u00bbleft\u00bb content_max_width=\u00bb1100px\u00bb use_icon_font_size=\u00bbon\u00bb icon_font_size=\u00bb20px\u00bb _builder_version=\u00bb4.10.3&#8243; header_font=\u00bb|600|||||||\u00bb header_font_size=\u00bb16px\u00bb body_font_size=\u00bb15px\u00bb custom_margin=\u00bb||35px|||\u00bb custom_css_blurb_image=\u00bbwidth: 24px;\u00bb global_colors_info=\u00bb{}\u00bb body_link_text_color__hover_enabled=\u00bbon|hover\u00bb body_link_text_color__hover=\u00bb#848484&#8243;]<\/p>\n<p><a href=\"tel:+351964071100\">+351 964 071 100<\/a><\/p>\n<p>[\/et_pb_blurb][et_pb_blurb title=\u00bbE-mail\u00bb use_icon=\u00bbon\u00bb font_icon=\u00bb%%238%%\u00bb icon_placement=\u00bbleft\u00bb content_max_width=\u00bb1100px\u00bb use_icon_font_size=\u00bbon\u00bb icon_font_size=\u00bb20px\u00bb _builder_version=\u00bb4.10.3&#8243; header_font=\u00bb|600|||||||\u00bb header_font_size=\u00bb16px\u00bb body_font_size=\u00bb15px\u00bb custom_margin=\u00bb||35px|||\u00bb custom_css_blurb_image=\u00bbwidth: 24px;\u00bb global_colors_info=\u00bb{}\u00bb body_link_text_color__hover_enabled=\u00bbon|hover\u00bb body_link_text_color__hover=\u00bb#848484&#8243;]<\/p>\n<p><a href=\"mailto:geral@comtesselisbonne.pt\">reservas@comtesselisbonne.pt<\/a><\/p>\n<p>[\/et_pb_blurb][et_pb_social_media_follow icon_color=\u00bb#003960&#8243; use_icon_font_size=\u00bbon\u00bb icon_font_size=\u00bb17px\u00bb admin_label=\u00bbSocial Media Follow\u00bb _builder_version=\u00bb4.11.1&#8243; _module_preset=\u00bbdefault\u00bb text_orientation=\u00bbleft\u00bb custom_margin=\u00bb||55px|-13px|false|false\u00bb hover_enabled=\u00bb0&#8243; saved_tabs=\u00bball\u00bb global_colors_info=\u00bb{}\u00bb filter_opacity__hover_enabled=\u00bboff|desktop\u00bb filter_opacity__hover=\u00bb50%\u00bb icon_color__hover_enabled=\u00bbon|hover\u00bb icon_color__hover=\u00bbRGBA(54,54,54,0.56)\u00bb sticky_enabled=\u00bb0&#8243;][et_pb_social_media_follow_network social_network=\u00bbfacebook\u00bb url=\u00bbhttps:\/\/www.facebook.com\/Comtesse-Lisbonne-110919608203877&#8243; _builder_version=\u00bb4.11.1&#8243; _module_preset=\u00bbdefault\u00bb background_enable_color=\u00bboff\u00bb global_colors_info=\u00bb{}\u00bb follow_button=\u00bboff\u00bb url_new_window=\u00bbon\u00bb]facebook[\/et_pb_social_media_follow_network][et_pb_social_media_follow_network social_network=\u00bbinstagram\u00bb url=\u00bbhttps:\/\/www.instagram.com\/comtesselisbonne\/\u00bb _builder_version=\u00bb4.11.1&#8243; _module_preset=\u00bbdefault\u00bb background_color=\u00bb#ea2c59&#8243; background_enable_color=\u00bboff\u00bb global_colors_info=\u00bb{}\u00bb follow_button=\u00bboff\u00bb url_new_window=\u00bbon\u00bb]instagram[\/et_pb_social_media_follow_network][et_pb_social_media_follow_network social_network=\u00bblinkedin\u00bb url=\u00bbhttps:\/\/www.linkedin.com\/company\/comtesselisbonne\/\u00bb _builder_version=\u00bb4.11.1&#8243; _module_preset=\u00bbdefault\u00bb background_color=\u00bb#007bb6&#8243; background_enable_color=\u00bboff\u00bb hover_enabled=\u00bb0&#8243; global_colors_info=\u00bb{}\u00bb follow_button=\u00bboff\u00bb url_new_window=\u00bbon\u00bb sticky_enabled=\u00bb0&#8243;]linkedin[\/et_pb_social_media_follow_network][\/et_pb_social_media_follow][\/et_pb_column][et_pb_column type=\u00bb1_3&#8243; _builder_version=\u00bb4.10.3&#8243; _module_preset=\u00bbdefault\u00bb global_colors_info=\u00bb{}\u00bb][et_pb_blurb title=\u00bbGuest House\u00bb use_icon=\u00bbon\u00bb font_icon=\u00bb%%249%%\u00bb icon_placement=\u00bbleft\u00bb content_max_width=\u00bb1100px\u00bb use_icon_font_size=\u00bbon\u00bb icon_font_size=\u00bb20px\u00bb _builder_version=\u00bb4.11.1&#8243; header_font=\u00bb|600|||||||\u00bb header_font_size=\u00bb16px\u00bb body_font_size=\u00bb15px\u00bb body_link_text_color=\u00bb#929292&#8243; custom_margin=\u00bb||35px|||\u00bb hover_enabled=\u00bb0&#8243; custom_css_blurb_image=\u00bbwidth: 24px;\u00bb global_colors_info=\u00bb{}\u00bb sticky_enabled=\u00bb0&#8243;]<\/p>\n<p>Rua Direita de Palma, 15<br \/>1600-179 Lisboa<\/p>\n<p><span>reservas@comtesselisbonne.pt<\/span><br \/><span>+351 964 071 100<\/span><\/p>\n<p>[\/et_pb_blurb][et_pb_code _builder_version=\u00bb4.10.3&#8243; _module_preset=\u00bbdefault\u00bb global_colors_info=\u00bb{}\u00bb]<iframe src=\"https:\/\/www.google.com\/maps\/embed?pb=!1m18!1m12!1m3!1d3111.690720113397!2d-9.169508648738505!3d38.74785887949386!2m3!1f0!2f0!3f0!3m2!1i1024!2i768!4f13.1!3m3!1m2!1s0xd19331f51671cd9%3A0x68d288c71d3953a7!2sR.%20Direita%20de%20Palma%2015%2C%201600-179%20Lisboa!5e0!3m2!1spt-PT!2spt!4v1629725008549!5m2!1spt-PT!2spt\" width=\"100%\" height=\"200\" style=\"border:0;\" allowfullscreen=\"\" loading=\"lazy\"><\/iframe>[\/et_pb_code][\/et_pb_column][et_pb_column type=\u00bb1_3&#8243; _builder_version=\u00bb4.10.3&#8243; _module_preset=\u00bbdefault\u00bb global_colors_info=\u00bb{}\u00bb][et_pb_blurb title=\u00bbApartamentos\u00bb use_icon=\u00bbon\u00bb font_icon=\u00bb%%249%%\u00bb icon_placement=\u00bbleft\u00bb content_max_width=\u00bb1100px\u00bb use_icon_font_size=\u00bbon\u00bb icon_font_size=\u00bb20px\u00bb _builder_version=\u00bb4.10.3&#8243; header_font=\u00bb|600|||||||\u00bb header_font_size=\u00bb16px\u00bb body_font_size=\u00bb15px\u00bb body_link_text_color=\u00bb#929292&#8243; custom_margin=\u00bb||35px|||\u00bb custom_css_blurb_image=\u00bbwidth: 24px;\u00bb global_colors_info=\u00bb{}\u00bb]<\/p>\n<p>Rua da Condessa, 26<br \/>1200-092 Lisboa<\/p>\n<p><span>reservas.carmo@comtesselisbonne.pt<\/span><br \/><span>+351 967 405 199<\/span><\/p>\n<p>[\/et_pb_blurb][et_pb_code _builder_version=\u00bb4.10.3&#8243; _module_preset=\u00bbdefault\u00bb global_colors_info=\u00bb{}\u00bb]<iframe src=\"https:\/\/www.google.com\/maps\/embed?pb=!1m18!1m12!1m3!1d3113.221260972329!2d-9.143516948739379!3d38.71272877949942!2m3!1f0!2f0!3f0!3m2!1i1024!2i768!4f13.1!3m3!1m2!1s0xd19347f5c576783%3A0xab6e3a7a40a91cde!2sR.%20da%20Condessa%2026%2C%201200-092%20Lisboa!5e0!3m2!1spt-PT!2spt!4v1629725048781!5m2!1spt-PT!2spt\" width=\"100%\" height=\"200\" style=\"border:0;\" allowfullscreen=\"\" loading=\"lazy\"><\/iframe>[\/et_pb_code][\/et_pb_column][\/et_pb_row][et_pb_row column_structure=\u00bb2_5,3_5&#8243; _builder_version=\u00bb4.10.3&#8243; _module_preset=\u00bbdefault\u00bb custom_padding=\u00bb56px||45px|||\u00bb border_width_top=\u00bb1px\u00bb global_colors_info=\u00bb{}\u00bb][et_pb_column type=\u00bb2_5&#8243; _builder_version=\u00bb4.10.3&#8243; _module_preset=\u00bbdefault\u00bb global_colors_info=\u00bb{}\u00bb][et_pb_text _builder_version=\u00bb4.10.3&#8243; _module_preset=\u00bbdefault\u00bb custom_margin=\u00bb0px||||false|false\u00bb custom_margin_tablet=\u00bb20px||||false|false\u00bb custom_margin_phone=\u00bb\u00bb custom_margin_last_edited=\u00bbon|tablet\u00bb header_2_font_size_tablet=\u00bb22px\u00bb header_2_font_size_phone=\u00bb20px\u00bb header_2_font_size_last_edited=\u00bboff|desktop\u00bb header_3_font_size_last_edited=\u00bboff|desktop\u00bb global_colors_info=\u00bb{}\u00bb]<\/p>\n<h3>Envie-nos uma mensagem<\/h3>\n<p>[\/et_pb_text][et_pb_text _builder_version=\u00bb4.10.3&#8243; _module_preset=\u00bbdefault\u00bb global_colors_info=\u00bb{}\u00bb]<\/p>\n<p>Para qualquer esclarecimento sobre as nossas acomoda\u00e7\u00f5es, n\u00e3o hesite em contactar-nos.\u00a0<\/p>\n<p>[\/et_pb_text][\/et_pb_column][et_pb_column type=\u00bb3_5&#8243; _builder_version=\u00bb4.10.3&#8243; _module_preset=\u00bbdefault\u00bb global_colors_info=\u00bb{}\u00bb][et_pb_code module_class=\u00bbform_contacto\u00bb _builder_version=\u00bb4.7.7&#8243; _module_preset=\u00bbdefault\u00bb global_colors_info=\u00bb{}\u00bb]<div role=\"form\" class=\"wpcf7\" id=\"wpcf7-f5663-o1\" lang=\"es-ES\" dir=\"ltr\">\n<div class=\"screen-reader-response\"><p role=\"status\" aria-live=\"polite\" aria-atomic=\"true\"><\/p> <ul><\/ul><\/div>\n<form action=\"\/es\/wp-json\/wp\/v2\/pages\/5594#wpcf7-f5663-o1\" method=\"post\" class=\"wpcf7-form init wpcf7-acceptance-as-validation\" novalidate=\"novalidate\" data-status=\"init\">\n<div style=\"display: none;\">\n<input type=\"hidden\" name=\"_wpcf7\" value=\"5663\" \/>\n<input type=\"hidden\" name=\"_wpcf7_version\" value=\"5.6.4\" \/>\n<input type=\"hidden\" name=\"_wpcf7_locale\" value=\"es_ES\" \/>\n<input type=\"hidden\" name=\"_wpcf7_unit_tag\" value=\"wpcf7-f5663-o1\" \/>\n<input type=\"hidden\" name=\"_wpcf7_container_post\" value=\"0\" \/>\n<input type=\"hidden\" name=\"_wpcf7_posted_data_hash\" value=\"\" \/>\n<\/div>\n<p><label for=\"your-name\"> Nombre<\/label><br \/>\n    <span class=\"wpcf7-form-control-wrap\" data-name=\"your-name\"><input type=\"text\" name=\"your-name\" value=\"\" size=\"40\" class=\"wpcf7-form-control wpcf7-text wpcf7-validates-as-required\" id=\"your-name\" aria-required=\"true\" aria-invalid=\"false\" \/><\/span> <\/p>\n<p><label for=\"your-email\"> Correo electr\u00f3nico<\/label><br \/>\n    <span class=\"wpcf7-form-control-wrap\" data-name=\"your-email\"><input type=\"email\" name=\"your-email\" value=\"\" size=\"40\" class=\"wpcf7-form-control wpcf7-text wpcf7-email wpcf7-validates-as-required wpcf7-validates-as-email\" id=\"your-email\" aria-required=\"true\" aria-invalid=\"false\" \/><\/span> <\/p>\n<p><label for=\"your-subject\"> Asunto<\/label><br \/>\n    <span class=\"wpcf7-form-control-wrap\" data-name=\"your-subject\"><input type=\"text\" name=\"your-subject\" value=\"\" size=\"40\" class=\"wpcf7-form-control wpcf7-text wpcf7-validates-as-required\" id=\"your-subject\" aria-required=\"true\" aria-invalid=\"false\" \/><\/span> <\/p>\n<p><label for=\"your-message\"> Mensaje<\/label><br \/>\n    <span class=\"wpcf7-form-control-wrap\" data-name=\"your-message\"><textarea name=\"your-message\" cols=\"40\" rows=\"10\" class=\"wpcf7-form-control wpcf7-textarea wpcf7-validates-as-required\" id=\"your-message\" aria-required=\"true\" aria-invalid=\"false\"><\/textarea><\/span><br \/>\n<span id=\"wpcf7-69f52a9bcad32-wrapper\" class=\"wpcf7-form-control-wrap email-wrap\" style=\"display:none !important; visibility:hidden !important;\"><label for=\"wpcf7-69f52a9bcad32-field\" class=\"hp-message\">Por favor, deja este campo vac\u00edo.<\/label><input id=\"wpcf7-69f52a9bcad32-field\"  class=\"wpcf7-form-control wpcf7-text\" type=\"text\" name=\"email\" value=\"\" size=\"40\" tabindex=\"-1\" autocomplete=\"new-password\" \/><\/span><\/p>\n<p class=\"termos\"><span class=\"wpcf7-form-control-wrap\" data-name=\"acceptance-88\"><span class=\"wpcf7-form-control wpcf7-acceptance\"><span class=\"wpcf7-list-item\"><label><input type=\"checkbox\" name=\"acceptance-88\" value=\"1\" aria-invalid=\"false\" \/><span class=\"wpcf7-list-item-label\">He le\u00eddo y acepto los <a target=\"_blank\" href=\"\/termos-e-condicoes\/\">t\u00e9rminos y condiciones<\/a> del sitio.<\/span><\/label><\/span><\/span><\/span><\/p>\n<p><input type=\"submit\" value=\"Enviar\" class=\"wpcf7-form-control has-spinner wpcf7-submit\" \/><\/p>\n<div class=\"wpcf7-response-output\" aria-hidden=\"true\"><\/div><\/form><\/div>[\/et_pb_code][\/et_pb_column][\/et_pb_row][\/et_pb_section]<\/p>\n","protected":false},"excerpt":{"rendered":"<p>+351 964 071 100reservas@comtesselisbonne.ptfacebookinstagramlinkedinRua Direita de Palma, 151600-179 Lisboa reservas@comtesselisbonne.pt+351 964 071 100Rua da Condessa, 261200-092 Lisboa reservas.carmo@comtesselisbonne.pt+351 967 405 199Envie-nos uma mensagemPara qualquer esclarecimento sobre as nossas acomoda\u00e7\u00f5es, n\u00e3o hesite em contactar-nos.\u00a0<div role=\"form\" class=\"wpcf7\" id=\"wpcf7-f5663-o2\" lang=\"es-ES\" dir=\"ltr\">\n<div class=\"screen-reader-response\"><p role=\"status\" aria-live=\"polite\" aria-atomic=\"true\"><\/p> <ul><\/ul><\/div>\n<form action=\"\/es\/wp-json\/wp\/v2\/pages\/5594#wpcf7-f5663-o2\" method=\"post\" class=\"wpcf7-form init wpcf7-acceptance-as-validation\" novalidate=\"novalidate\" data-status=\"init\">\n<div style=\"display: none;\">\n<input type=\"hidden\" name=\"_wpcf7\" value=\"5663\" \/>\n<input type=\"hidden\" name=\"_wpcf7_version\" value=\"5.6.4\" \/>\n<input type=\"hidden\" name=\"_wpcf7_locale\" value=\"es_ES\" \/>\n<input type=\"hidden\" name=\"_wpcf7_unit_tag\" value=\"wpcf7-f5663-o2\" \/>\n<input type=\"hidden\" name=\"_wpcf7_container_post\" value=\"0\" \/>\n<input type=\"hidden\" name=\"_wpcf7_posted_data_hash\" value=\"\" \/>\n<\/div>\n<p><label for=\"your-name\"> Nombre<\/label><br \/>\n    <span class=\"wpcf7-form-control-wrap\" data-name=\"your-name\"><input type=\"text\" name=\"your-name\" value=\"\" size=\"40\" class=\"wpcf7-form-control wpcf7-text wpcf7-validates-as-required\" id=\"your-name\" aria-required=\"true\" aria-invalid=\"false\" \/><\/span> <\/p>\n<p><label for=\"your-email\"> Correo electr\u00f3nico<\/label><br \/>\n    <span class=\"wpcf7-form-control-wrap\" data-name=\"your-email\"><input type=\"email\" name=\"your-email\" value=\"\" size=\"40\" class=\"wpcf7-form-control wpcf7-text wpcf7-email wpcf7-validates-as-required wpcf7-validates-as-email\" id=\"your-email\" aria-required=\"true\" aria-invalid=\"false\" \/><\/span> <\/p>\n<p><label for=\"your-subject\"> Asunto<\/label><br \/>\n    <span class=\"wpcf7-form-control-wrap\" data-name=\"your-subject\"><input type=\"text\" name=\"your-subject\" value=\"\" size=\"40\" class=\"wpcf7-form-control wpcf7-text wpcf7-validates-as-required\" id=\"your-subject\" aria-required=\"true\" aria-invalid=\"false\" \/><\/span> <\/p>\n<p><label for=\"your-message\"> Mensaje<\/label><br \/>\n    <span class=\"wpcf7-form-control-wrap\" data-name=\"your-message\"><textarea name=\"your-message\" cols=\"40\" rows=\"10\" class=\"wpcf7-form-control wpcf7-textarea wpcf7-validates-as-required\" id=\"your-message\" aria-required=\"true\" aria-invalid=\"false\"><\/textarea><\/span><br \/>\n<span id=\"wpcf7-69f52a9bd964f-wrapper\" class=\"wpcf7-form-control-wrap email-wrap\" style=\"display:none !important; visibility:hidden !important;\"><label for=\"wpcf7-69f52a9bd964f-field\" class=\"hp-message\">Por favor, deja este campo vac\u00edo.<\/label><input id=\"wpcf7-69f52a9bd964f-field\"  class=\"wpcf7-form-control wpcf7-text\" type=\"text\" name=\"email\" value=\"\" size=\"40\" tabindex=\"-1\" autocomplete=\"new-password\" \/><\/span><\/p>\n<p class=\"termos\"><span class=\"wpcf7-form-control-wrap\" data-name=\"acceptance-88\"><span class=\"wpcf7-form-control wpcf7-acceptance\"><span class=\"wpcf7-list-item\"><label><input type=\"checkbox\" name=\"acceptance-88\" value=\"1\" aria-invalid=\"false\" \/><span class=\"wpcf7-list-item-label\">He le\u00eddo y acepto los <a target=\"_blank\" href=\"\/termos-e-condicoes\/\">t\u00e9rminos y condiciones<\/a> del sitio.<\/span><\/label><\/span><\/span><\/span><\/p>\n<p><input type=\"submit\" value=\"Enviar\" class=\"wpcf7-form-control has-spinner wpcf7-submit\" \/><\/p>\n<div class=\"wpcf7-response-output\" aria-hidden=\"true\"><\/div><\/form><\/div><\/p>\n","protected":false},"author":1,"featured_media":0,"parent":0,"menu_order":0,"comment_status":"closed","ping_status":"closed","template":"","meta":{"_et_pb_use_builder":"on","_et_pb_old_content":"","_et_gb_content_width":""},"yoast_head":"<!-- This site is optimized with the Yoast SEO plugin v19.10 - https:\/\/yoast.com\/wordpress\/plugins\/seo\/ -->\n<title>Contactos Apartamentos Tur\u00edsticos Lisboa - Comtesse Lisbonne<\/title>\n<meta name=\"description\" content=\"Contactos Apartamentos Tur\u00edsticos Lisboa. Contacte-nos e fique instalado em alojamentos requintados nas Laranjeiras ou Chiado.\" \/>\n<meta name=\"robots\" content=\"index, follow, max-snippet:-1, max-image-preview:large, max-video-preview:-1\" \/>\n<link rel=\"canonical\" href=\"https:\/\/comtesselisbonne.pt\/es\/contactos\/\" \/>\n<meta property=\"og:locale\" content=\"es_ES\" \/>\n<meta property=\"og:type\" content=\"article\" \/>\n<meta property=\"og:title\" content=\"Contactos Apartamentos Tur\u00edsticos Lisboa - Comtesse Lisbonne\" \/>\n<meta property=\"og:description\" content=\"Contactos Apartamentos Tur\u00edsticos Lisboa. Contacte-nos e fique instalado em alojamentos requintados nas Laranjeiras ou Chiado.\" \/>\n<meta property=\"og:url\" content=\"https:\/\/comtesselisbonne.pt\/es\/contactos\/\" \/>\n<meta property=\"og:site_name\" content=\"Comtesse Lisbonne\" \/>\n<meta property=\"article:modified_time\" content=\"2024-12-05T13:50:18+00:00\" \/>\n<meta name=\"twitter:card\" content=\"summary_large_image\" \/>\n<meta name=\"twitter:label1\" content=\"Tiempo de lectura\" \/>\n\t<meta name=\"twitter:data1\" content=\"2 minutos\" \/>\n<script type=\"application\/ld+json\" class=\"yoast-schema-graph\">{\"@context\":\"https:\/\/schema.org\",\"@graph\":[{\"@type\":\"WebPage\",\"@id\":\"https:\/\/comtesselisbonne.pt\/es\/contactos\/\",\"url\":\"https:\/\/comtesselisbonne.pt\/es\/contactos\/\",\"name\":\"Contactos Apartamentos Tur\u00edsticos Lisboa - Comtesse Lisbonne\",\"isPartOf\":{\"@id\":\"https:\/\/comtesselisbonne.pt\/es\/#website\"},\"datePublished\":\"2021-05-14T16:44:52+00:00\",\"dateModified\":\"2024-12-05T13:50:18+00:00\",\"description\":\"Contactos Apartamentos Tur\u00edsticos Lisboa. Contacte-nos e fique instalado em alojamentos requintados nas Laranjeiras ou Chiado.\",\"breadcrumb\":{\"@id\":\"https:\/\/comtesselisbonne.pt\/es\/contactos\/#breadcrumb\"},\"inLanguage\":\"es\",\"potentialAction\":[{\"@type\":\"ReadAction\",\"target\":[\"https:\/\/comtesselisbonne.pt\/es\/contactos\/\"]}]},{\"@type\":\"BreadcrumbList\",\"@id\":\"https:\/\/comtesselisbonne.pt\/es\/contactos\/#breadcrumb\",\"itemListElement\":[{\"@type\":\"ListItem\",\"position\":1,\"name\":\"In\u00edcio\",\"item\":\"https:\/\/comtesselisbonne.pt\/es\/\"},{\"@type\":\"ListItem\",\"position\":2,\"name\":\"Contactos\"}]},{\"@type\":\"WebSite\",\"@id\":\"https:\/\/comtesselisbonne.pt\/es\/#website\",\"url\":\"https:\/\/comtesselisbonne.pt\/es\/\",\"name\":\"Comtesse Lisbonne\",\"description\":\"Apartments - Guest House\",\"publisher\":{\"@id\":\"https:\/\/comtesselisbonne.pt\/es\/#organization\"},\"potentialAction\":[{\"@type\":\"SearchAction\",\"target\":{\"@type\":\"EntryPoint\",\"urlTemplate\":\"https:\/\/comtesselisbonne.pt\/es\/?s={search_term_string}\"},\"query-input\":\"required name=search_term_string\"}],\"inLanguage\":\"es\"},{\"@type\":\"Organization\",\"@id\":\"https:\/\/comtesselisbonne.pt\/es\/#organization\",\"name\":\"Comtesse Lisbonne\",\"url\":\"https:\/\/comtesselisbonne.pt\/es\/\",\"logo\":{\"@type\":\"ImageObject\",\"inLanguage\":\"es\",\"@id\":\"https:\/\/comtesselisbonne.pt\/es\/#\/schema\/logo\/image\/\",\"url\":\"https:\/\/comtesselisbonne.pt\/wp-content\/uploads\/2021\/08\/Logo-Comtesse-Lisbonne-simple.svg\",\"contentUrl\":\"https:\/\/comtesselisbonne.pt\/wp-content\/uploads\/2021\/08\/Logo-Comtesse-Lisbonne-simple.svg\",\"width\":646,\"height\":172,\"caption\":\"Comtesse Lisbonne\"},\"image\":{\"@id\":\"https:\/\/comtesselisbonne.pt\/es\/#\/schema\/logo\/image\/\"}}]}<\/script>\n<!-- \/ Yoast SEO plugin. -->","yoast_head_json":{"title":"Contactos Apartamentos Tur\u00edsticos Lisboa - Comtesse Lisbonne","description":"Contactos Apartamentos Tur\u00edsticos Lisboa. Contacte-nos e fique instalado em alojamentos requintados nas Laranjeiras ou Chiado.","robots":{"index":"index","follow":"follow","max-snippet":"max-snippet:-1","max-image-preview":"max-image-preview:large","max-video-preview":"max-video-preview:-1"},"canonical":"https:\/\/comtesselisbonne.pt\/es\/contactos\/","og_locale":"es_ES","og_type":"article","og_title":"Contactos Apartamentos Tur\u00edsticos Lisboa - Comtesse Lisbonne","og_description":"Contactos Apartamentos Tur\u00edsticos Lisboa. Contacte-nos e fique instalado em alojamentos requintados nas Laranjeiras ou Chiado.","og_url":"https:\/\/comtesselisbonne.pt\/es\/contactos\/","og_site_name":"Comtesse Lisbonne","article_modified_time":"2024-12-05T13:50:18+00:00","twitter_card":"summary_large_image","twitter_misc":{"Tiempo de lectura":"2 minutos"},"schema":{"@context":"https:\/\/schema.org","@graph":[{"@type":"WebPage","@id":"https:\/\/comtesselisbonne.pt\/es\/contactos\/","url":"https:\/\/comtesselisbonne.pt\/es\/contactos\/","name":"Contactos Apartamentos Tur\u00edsticos Lisboa - Comtesse Lisbonne","isPartOf":{"@id":"https:\/\/comtesselisbonne.pt\/es\/#website"},"datePublished":"2021-05-14T16:44:52+00:00","dateModified":"2024-12-05T13:50:18+00:00","description":"Contactos Apartamentos Tur\u00edsticos Lisboa. Contacte-nos e fique instalado em alojamentos requintados nas Laranjeiras ou Chiado.","breadcrumb":{"@id":"https:\/\/comtesselisbonne.pt\/es\/contactos\/#breadcrumb"},"inLanguage":"es","potentialAction":[{"@type":"ReadAction","target":["https:\/\/comtesselisbonne.pt\/es\/contactos\/"]}]},{"@type":"BreadcrumbList","@id":"https:\/\/comtesselisbonne.pt\/es\/contactos\/#breadcrumb","itemListElement":[{"@type":"ListItem","position":1,"name":"In\u00edcio","item":"https:\/\/comtesselisbonne.pt\/es\/"},{"@type":"ListItem","position":2,"name":"Contactos"}]},{"@type":"WebSite","@id":"https:\/\/comtesselisbonne.pt\/es\/#website","url":"https:\/\/comtesselisbonne.pt\/es\/","name":"Comtesse Lisbonne","description":"Apartments - Guest House","publisher":{"@id":"https:\/\/comtesselisbonne.pt\/es\/#organization"},"potentialAction":[{"@type":"SearchAction","target":{"@type":"EntryPoint","urlTemplate":"https:\/\/comtesselisbonne.pt\/es\/?s={search_term_string}"},"query-input":"required name=search_term_string"}],"inLanguage":"es"},{"@type":"Organization","@id":"https:\/\/comtesselisbonne.pt\/es\/#organization","name":"Comtesse Lisbonne","url":"https:\/\/comtesselisbonne.pt\/es\/","logo":{"@type":"ImageObject","inLanguage":"es","@id":"https:\/\/comtesselisbonne.pt\/es\/#\/schema\/logo\/image\/","url":"https:\/\/comtesselisbonne.pt\/wp-content\/uploads\/2021\/08\/Logo-Comtesse-Lisbonne-simple.svg","contentUrl":"https:\/\/comtesselisbonne.pt\/wp-content\/uploads\/2021\/08\/Logo-Comtesse-Lisbonne-simple.svg","width":646,"height":172,"caption":"Comtesse Lisbonne"},"image":{"@id":"https:\/\/comtesselisbonne.pt\/es\/#\/schema\/logo\/image\/"}}]}},"_links":{"self":[{"href":"https:\/\/comtesselisbonne.pt\/es\/wp-json\/wp\/v2\/pages\/5594"}],"collection":[{"href":"https:\/\/comtesselisbonne.pt\/es\/wp-json\/wp\/v2\/pages"}],"about":[{"href":"https:\/\/comtesselisbonne.pt\/es\/wp-json\/wp\/v2\/types\/page"}],"author":[{"embeddable":true,"href":"https:\/\/comtesselisbonne.pt\/es\/wp-json\/wp\/v2\/users\/1"}],"replies":[{"embeddable":true,"href":"https:\/\/comtesselisbonne.pt\/es\/wp-json\/wp\/v2\/comments?post=5594"}],"version-history":[{"count":3,"href":"https:\/\/comtesselisbonne.pt\/es\/wp-json\/wp\/v2\/pages\/5594\/revisions"}],"predecessor-version":[{"id":5777,"href":"https:\/\/comtesselisbonne.pt\/es\/wp-json\/wp\/v2\/pages\/5594\/revisions\/5777"}],"wp:attachment":[{"href":"https:\/\/comtesselisbonne.pt\/es\/wp-json\/wp\/v2\/media?parent=5594"}],"curies":[{"name":"wp","href":"https:\/\/api.w.org\/{rel}","templated":true}]}}