{"id":5642,"date":"2021-08-24T16:51:10","date_gmt":"2021-08-24T16:51:10","guid":{"rendered":"https:\/\/comtesselisbonne.pt\/politica-de-privacidad\/"},"modified":"2023-03-03T11:40:07","modified_gmt":"2023-03-03T11:40:07","slug":"politica-de-privacidad","status":"publish","type":"page","link":"https:\/\/comtesselisbonne.pt\/es\/politica-de-privacidad\/","title":{"rendered":"Politica de Privacidad"},"content":{"rendered":"<p>[et_pb_section fb_built=\u00bb1&#8243; module_class=\u00bbsec-header-pags\u00bb _builder_version=\u00bb4.10.3&#8243; _module_preset=\u00bbdefault\u00bb use_background_color_gradient=\u00bbon\u00bb background_color_gradient_start=\u00bbrgba(54,54,54,0.56)\u00bb background_color_gradient_end=\u00bbrgba(54,54,54,0.56)\u00bb background_color_gradient_overlays_image=\u00bbon\u00bb background_image=\u00bbhttps:\/\/comtesselisbonne.pt\/wp-content\/uploads\/2021\/08\/21_Rua-da-Condessa-28-1.jpg\u00bb custom_margin=\u00bb|24px||24px|false|true\u00bb custom_margin_tablet=\u00bb|16px||16px|false|true\u00bb custom_margin_phone=\u00bb|14px||14px|false|true\u00bb custom_margin_last_edited=\u00bbon|phone\u00bb custom_padding=\u00bb||50px|||\u00bb saved_tabs=\u00bball\u00bb locked=\u00bbon\u00bb global_colors_info=\u00bb{}\u00bb][et_pb_row _builder_version=\u00bb4.10.3&#8243; _module_preset=\u00bbdefault\u00bb custom_padding=\u00bb0px||0px||true|false\u00bb locked=\u00bboff\u00bb global_colors_info=\u00bb{}\u00bb][et_pb_column type=\u00bb4_4&#8243; _builder_version=\u00bb4.10.3&#8243; _module_preset=\u00bbdefault\u00bb global_colors_info=\u00bb{}\u00bb][et_pb_text admin_label=\u00bbText\u00bb _builder_version=\u00bb4.10.3&#8243; _dynamic_attributes=\u00bbcontent\u00bb _module_preset=\u00bbdefault\u00bb text_font=\u00bbPlayfair Display|||on|||||\u00bb text_text_color=\u00bb#FFFFFF\u00bb text_font_size=\u00bb48px\u00bb text_line_height=\u00bb1.3em\u00bb text_orientation=\u00bbcenter\u00bb text_font_size_tablet=\u00bb36px\u00bb text_font_size_phone=\u00bb30px\u00bb text_font_size_last_edited=\u00bbon|desktop\u00bb global_colors_info=\u00bb{}\u00bb]@ET-DC@eyJkeW5hbWljIjp0cnVlLCJjb250ZW50IjoicG9zdF90aXRsZSIsInNldHRpbmdzIjp7ImJlZm9yZSI6IiIsImFmdGVyIjoiIn19@[\/et_pb_text][\/et_pb_column][\/et_pb_row][\/et_pb_section][et_pb_section fb_built=\u00bb1&#8243; _builder_version=\u00bb4.7.7&#8243; _module_preset=\u00bbdefault\u00bb custom_padding=\u00bb50px||0px|||\u00bb global_colors_info=\u00bb{}\u00bb][et_pb_row _builder_version=\u00bb4.10.3&#8243; _module_preset=\u00bbdefault\u00bb custom_css_main_element=\u00bbmax-width: 900px !important;\u00bb global_colors_info=\u00bb{}\u00bb][et_pb_column type=\u00bb4_4&#8243; _builder_version=\u00bb4.10.3&#8243; _module_preset=\u00bbdefault\u00bb global_colors_info=\u00bb{}\u00bb][et_pb_text _builder_version=\u00bb4.10.3&#8243; _module_preset=\u00bbdefault\u00bb custom_margin=\u00bb||50px|||\u00bb global_colors_info=\u00bb{}\u00bb]<\/p>\n<p><strong>Politica de Privacidad<\/strong><\/p>\n<p>Tu privacidad es importante para nosotros. Comtesse Lisboone respecta tu privacidad relativo a cualquier informaci\u00f3n que colectamos en nuestro website <a href=\"https:\/\/politicaprivacidade.com\/comtesselisbonne.pt\">Comtesse Lisbonne<\/a>, o cualquier otro website con que colaboramos.<\/p>\n<p>La informaci\u00f3n personal solicitada es \u00fanicamente para ofrecerte un mejor servicio. Lo hacemos usando los medios legales, con tu conocimiento y consentimiento. Tambi\u00e9n te informamos porque lo hacemos y como se usar\u00e1.<\/p>\n<p>Guardamos los datos el tiempo necesario para poder ofrecerte el servicio solicitado. Se guarda los datos usando todos los medios aceptables para evitar cualquer tipo de perda, roubo, bien como algun acceso, copia, uso o cambio no autorizado.<\/p>\n<p>No compartimos o publicamos informaci\u00f3n de identificaci\u00f3n personal, excepto cuando exigido por ley.<\/p>\n<p>Nuestro sitio puede contener links a sitios externos. Le informamos que no controlamos el contenido de estas p\u00e1ginas y no aceptamos cualquier responsabilidad de sus <a href=\"https:\/\/politicaprivacidade.com\/#_blank\">pol\u00edticas de privacidad<\/a>.<\/p>\n<p>Eres libre de no prover la informacion solicitada, pero eso puede significar que no podamos ofrecerte algunos de los servicios solicitados.<\/p>\n<p>El uso continuado de nuestra web ser\u00e1 considerado como una aceptaci\u00f3n de nuestra pol\u00edtica de privacidad y uso de informaciones personales. Caso tenga alguna duda sobre como gestionamos los datos de usuario y las informaciones personales, por favor cont\u00e1ctenos.<\/p>\n<p><strong>Pol\u00edtica de Cookies Comtesse Lisbonne<\/strong><\/p>\n<p><strong>\u00bfQu\u00e9 es una Cookie?<\/strong><\/p>\n<p>Tal como la mayor\u00eda de los website, nuestro sitio usa cookies. Cookies son archivos que contienen peque\u00f1as cantidades de informaci\u00f3n que se descargan en tu dispositivo cuando visitas una p\u00e1gina web. De esta manera, podemos identificar t\u00e9cnicamente informaci\u00f3n sobre un usuario y su dispositivo. Las Cookies son esenciales para el funcionamiento de Internet; no pueden da\u00f1ar el equipo\/dispositivo del usuario y, si se encuentran activadas en la configuraci\u00f3n de tu navegador, ayudan a identificar y resolver posibles errores de funcionamiento del Sitio Web Esta p\u00e1gina te dice que informaciones colectan, como la usamos y porque la guardamos. Tambi\u00e9n te decimos que puedes hacer para que no se guarden, aunque haci\u00e9ndolo puedes estar bloqueando algunas funcionalidades de nuestro sitio web.<\/p>\n<p><strong>\u00bfC\u00f3mo usamos las cookies?<\/strong><\/p>\n<p>En Comtesse Lisbonne utilizamos las Cookies para las finalidades que a continuaci\u00f3n en esta p\u00e1gina se exponen. Mediante la aceptaci\u00f3n de las cookies, a trav\u00e9s de los mecanismos habilitados en el Sitio Web para ello, o mediante la configuraci\u00f3n de las cookies, aceptas de manera expresa la utilizaci\u00f3n de Cookies en tus dispositivos. Si desactivas las Cookies, puede que algunas de las utilidades disponibles en el Sitio Web no funcionen correctamente.<\/p>\n<p><strong>Deshabilitar cookies<\/strong><\/p>\n<p>Para deshabilitar las cookies ajusta la configuraci\u00f3n de tu navegador (consulta la ayuda de tu navegador para m\u00e1s informaci\u00f3n). Sepa que la desactivaci\u00f3n de las cookies afecta las funcionalidades de nuestro sitio web y de otros sitios que visita. Cuando desactivadas las cookies se desactiva algunas funcionalidades y recursos de nuestro sitio. Por eso es recomendable que no desactive las cookies.<\/p>\n<p><strong>Cookies que usamos<\/strong><\/p>\n<ul>\n<li>Cookies relacionados con la cuenta\n<p>Al crear una cuenta en nuestro sitio web, usamos cookies para gestionar el proceso de inscripci\u00f3n y administraci\u00f3n general. Estas cookies, normalmente son borrados cuando salga del sistema, aunque que algunas veces podr\u00e1n guardarse para darle algunas funcionalidades futuras en sus preferencias de nuestro sitio web.<\/p>\n<\/li>\n<li>Cookies relacionadas con el login\n<p>Usamos cookies cuando est\u00e1s conectado, as\u00ed evitas hacer el login en cada pagina nueva. Estas cookies son generalmente borradas cuando haces logout, para garantizar que solo cuando estas logado puedas acceder a recursos o \u00e1reas especificas de nuestro sitio web.<\/p>\n<p>&nbsp;<\/p>\n<\/li>\n<li>Cookies en el proceso de pedidos\n<p>Nuestro sitio web ofrece pagamientos en l\u00ednea y tiene caracter\u00edsticas de comercio electr\u00f3nico, algunas de las cookies son vitales para que su pedido sea guardado correctamente entre p\u00e1ginas y que podamos procesarlo sin errores.<\/p>\n<\/li>\n<li>Cookies relacionadas con pesquisas\n<p>Espor\u00e1dicamente, hacemos encuestas y an\u00e1lisis con el intuito de proveer informaciones relevantes, caracter\u00edsticas \u00fatiles y para mejor entender nuestros usuarios. Este proceso puede usar cookies para saber quien particip\u00f3 o para proveer resultados exactos cuando hacemos cambios en nuestro sitio web.<\/p>\n<\/li>\n<li>Cookies relacionadas con formularios\n<p>Nuestros formularios usan cookies para guardar los detalles del usuario en futuros contactos. (algunos ejemplos son los formularios que puede encontrar en las p\u00e1ginas de contacto o de comentarios).<\/p>\n<\/li>\n<li>Cookies relacionadas con preferencias\n<p>Para que tengas una experiencia exquisita en nuestro sitio web, te ofrecemos una funcionalidad para definir tus preferencias. Usamos cookies para que podamos acordarnos de tus preferencias siempre que interact\u00faas con nuestro sitio web.<\/p>\n<\/li>\n<\/ul>\n<p><strong>Cookies de Terceros<\/strong><\/p>\n<p>En algunos casos espec\u00edficos tambi\u00e9n usamos cookies de terceros. La secci\u00f3n siguiente detalla que cookies de terceros pueden ser usadas cuando navega en nuestro sitio web.<\/p>\n<ul>\n<li>Nuestro sitio web usa Google Analytics, unas de las mejores y m\u00e1s confiables soluciones de anal\u00edtica en el mercado. Estas cookies pueden tener diferentes usos, tal como, saber cuanto tiempo estas navegando en nuestro sitio y que paginas has visitado. Con esta informaci\u00f3n podemos, por ejemplo, continuar a crear contenido de tu interese.<\/li>\n<\/ul>\n<p>Para m\u00e1s informaci\u00f3n sobre las cookies de Google Analytics, consulta la p\u00e1gina oficial de Google Analytics.<\/p>\n<ul>\n<li>Third party cookies are used to track and measure our website, so we can keep producing relevant content for it. The cookies can for example track how long do you spend on our site and what pages do you visit, with this information will help up to produce better and more suitable content for you.<\/li>\n<li>Ocasionalmente, testamos nuevas funcionalidades y hacemos cambios en nuestro sitio web. Mientras hacemos los testes usamos cookies para garantizar una navegaci\u00f3n consistente a lo largo de nuestro sitio web y entender que mejor se adecuada a nuestros usuarios.<\/li>\n<li>Para ofrecerle productos atractivos, es importante entender que productos realmente se venden y cu\u00e1les son los m\u00e1s adecuados a nuestros usuarios. Para eso, necesitamos estad\u00edsticas sobre las visitas a nuestro sitio web y son estas cookies que rastreamos. Para su beneficio, podemos hacer predicciones del negocio, lo que nos permite analizar nuestros costes de productos y publicidad y as\u00ed garantizar el mejor precio posible.<\/li>\n<\/ul>\n<p><strong>Obligaciones del usuario<\/strong><\/p>\n<p>El usuario se compromete a hacer uso adecuado de los contenidos y de la informaci\u00f3n del sitio web de Comtesse Lisbonne y de manera enunciativa pero no limitativa:<\/p>\n<ul>\n<li>A) No involucrarse en actividades que sean ilegales o contrarias a la buena fe y\/o orden p\u00fablica;<\/li>\n<li>B) No divulgar propaganda o contenido de naturaleza racista, xen\u00f3foba, <a href=\"https:\/\/jogoshoje.io\/\">juegos de azar<\/a>, cualquier tipo de pornograf\u00eda ilegal, de apolog\u00eda al terrorismo o contra los derechos humanos;<\/li>\n<li>C) No provocar da\u00f1os al sistema f\u00edsico (hardware) y l\u00f3gicos (software) de Comtesse Lisbonne, de sus proveedores o terceros. Introduciendo o diseminando virus inform\u00e1ticos o cualesquiera otros sistemas de hardware o software que puedan causar da\u00f1os anteriormente mencionados.<\/li>\n<\/ul>\n<p><strong>Mas informaci\u00f3n<\/strong><\/p>\n<p>Esperamos que est\u00e9 todo claro para ti y, tal como mencionado antes, si no est\u00e1s seguro de qu\u00e9 necesitas para tener una buena experiencia en nuestro sitio, es mejor dejar las cookies activadas.<\/p>\n<p>Esta pol\u00edtica es efectiva desde <strong>febrero 2022<\/strong><\/p>\n<p>&nbsp;<\/p>\n<p>[\/et_pb_text][\/et_pb_column][\/et_pb_row][\/et_pb_section]<\/p>\n","protected":false},"excerpt":{"rendered":"<p>Politica de Privacidad Tu privacidad es importante para nosotros. Comtesse Lisboone respecta tu privacidad relativo a cualquier informaci\u00f3n que colectamos en nuestro website Comtesse Lisbonne, o cualquier otro website con que colaboramos. La informaci\u00f3n personal solicitada es \u00fanicamente para ofrecerte un mejor servicio. Lo hacemos usando los medios legales, con tu conocimiento y consentimiento. Tambi\u00e9n [&hellip;]<\/p>\n","protected":false},"author":1,"featured_media":0,"parent":0,"menu_order":0,"comment_status":"closed","ping_status":"closed","template":"","meta":{"_et_pb_use_builder":"on","_et_pb_old_content":"","_et_gb_content_width":""},"yoast_head":"<!-- This site is optimized with the Yoast SEO plugin v19.10 - https:\/\/yoast.com\/wordpress\/plugins\/seo\/ -->\n<title>Politica de Privacidad - Comtesse Lisbonne<\/title>\n<meta name=\"robots\" content=\"index, follow, max-snippet:-1, max-image-preview:large, max-video-preview:-1\" \/>\n<link rel=\"canonical\" href=\"https:\/\/comtesselisbonne.pt\/es\/politica-de-privacidad\/\" \/>\n<meta property=\"og:locale\" content=\"es_ES\" \/>\n<meta property=\"og:type\" content=\"article\" \/>\n<meta property=\"og:title\" content=\"Politica de Privacidad - Comtesse Lisbonne\" \/>\n<meta property=\"og:description\" content=\"Politica de Privacidad Tu privacidad es importante para nosotros. Comtesse Lisboone respecta tu privacidad relativo a cualquier informaci\u00f3n que colectamos en nuestro website Comtesse Lisbonne, o cualquier otro website con que colaboramos. La informaci\u00f3n personal solicitada es \u00fanicamente para ofrecerte un mejor servicio. Lo hacemos usando los medios legales, con tu conocimiento y consentimiento. Tambi\u00e9n [&hellip;]\" \/>\n<meta property=\"og:url\" content=\"https:\/\/comtesselisbonne.pt\/es\/politica-de-privacidad\/\" \/>\n<meta property=\"og:site_name\" content=\"Comtesse Lisbonne\" \/>\n<meta property=\"article:modified_time\" content=\"2023-03-03T11:40:07+00:00\" \/>\n<meta name=\"twitter:card\" content=\"summary_large_image\" \/>\n<meta name=\"twitter:label1\" content=\"Tiempo de lectura\" \/>\n\t<meta name=\"twitter:data1\" content=\"7 minutos\" \/>\n<script type=\"application\/ld+json\" class=\"yoast-schema-graph\">{\"@context\":\"https:\/\/schema.org\",\"@graph\":[{\"@type\":\"WebPage\",\"@id\":\"https:\/\/comtesselisbonne.pt\/es\/politica-de-privacidad\/\",\"url\":\"https:\/\/comtesselisbonne.pt\/es\/politica-de-privacidad\/\",\"name\":\"Politica de Privacidad - Comtesse Lisbonne\",\"isPartOf\":{\"@id\":\"https:\/\/comtesselisbonne.pt\/es\/#website\"},\"datePublished\":\"2021-08-24T16:51:10+00:00\",\"dateModified\":\"2023-03-03T11:40:07+00:00\",\"breadcrumb\":{\"@id\":\"https:\/\/comtesselisbonne.pt\/es\/politica-de-privacidad\/#breadcrumb\"},\"inLanguage\":\"es\",\"potentialAction\":[{\"@type\":\"ReadAction\",\"target\":[\"https:\/\/comtesselisbonne.pt\/es\/politica-de-privacidad\/\"]}]},{\"@type\":\"BreadcrumbList\",\"@id\":\"https:\/\/comtesselisbonne.pt\/es\/politica-de-privacidad\/#breadcrumb\",\"itemListElement\":[{\"@type\":\"ListItem\",\"position\":1,\"name\":\"In\u00edcio\",\"item\":\"https:\/\/comtesselisbonne.pt\/es\/\"},{\"@type\":\"ListItem\",\"position\":2,\"name\":\"Politica de Privacidad\"}]},{\"@type\":\"WebSite\",\"@id\":\"https:\/\/comtesselisbonne.pt\/es\/#website\",\"url\":\"https:\/\/comtesselisbonne.pt\/es\/\",\"name\":\"Comtesse Lisbonne\",\"description\":\"Apartments - Guest House\",\"publisher\":{\"@id\":\"https:\/\/comtesselisbonne.pt\/es\/#organization\"},\"potentialAction\":[{\"@type\":\"SearchAction\",\"target\":{\"@type\":\"EntryPoint\",\"urlTemplate\":\"https:\/\/comtesselisbonne.pt\/es\/?s={search_term_string}\"},\"query-input\":\"required name=search_term_string\"}],\"inLanguage\":\"es\"},{\"@type\":\"Organization\",\"@id\":\"https:\/\/comtesselisbonne.pt\/es\/#organization\",\"name\":\"Comtesse Lisbonne\",\"url\":\"https:\/\/comtesselisbonne.pt\/es\/\",\"logo\":{\"@type\":\"ImageObject\",\"inLanguage\":\"es\",\"@id\":\"https:\/\/comtesselisbonne.pt\/es\/#\/schema\/logo\/image\/\",\"url\":\"https:\/\/comtesselisbonne.pt\/wp-content\/uploads\/2021\/08\/Logo-Comtesse-Lisbonne-simple.svg\",\"contentUrl\":\"https:\/\/comtesselisbonne.pt\/wp-content\/uploads\/2021\/08\/Logo-Comtesse-Lisbonne-simple.svg\",\"width\":646,\"height\":172,\"caption\":\"Comtesse Lisbonne\"},\"image\":{\"@id\":\"https:\/\/comtesselisbonne.pt\/es\/#\/schema\/logo\/image\/\"}}]}<\/script>\n<!-- \/ Yoast SEO plugin. -->","yoast_head_json":{"title":"Politica de Privacidad - Comtesse Lisbonne","robots":{"index":"index","follow":"follow","max-snippet":"max-snippet:-1","max-image-preview":"max-image-preview:large","max-video-preview":"max-video-preview:-1"},"canonical":"https:\/\/comtesselisbonne.pt\/es\/politica-de-privacidad\/","og_locale":"es_ES","og_type":"article","og_title":"Politica de Privacidad - Comtesse Lisbonne","og_description":"Politica de Privacidad Tu privacidad es importante para nosotros. Comtesse Lisboone respecta tu privacidad relativo a cualquier informaci\u00f3n que colectamos en nuestro website Comtesse Lisbonne, o cualquier otro website con que colaboramos. La informaci\u00f3n personal solicitada es \u00fanicamente para ofrecerte un mejor servicio. Lo hacemos usando los medios legales, con tu conocimiento y consentimiento. Tambi\u00e9n [&hellip;]","og_url":"https:\/\/comtesselisbonne.pt\/es\/politica-de-privacidad\/","og_site_name":"Comtesse Lisbonne","article_modified_time":"2023-03-03T11:40:07+00:00","twitter_card":"summary_large_image","twitter_misc":{"Tiempo de lectura":"7 minutos"},"schema":{"@context":"https:\/\/schema.org","@graph":[{"@type":"WebPage","@id":"https:\/\/comtesselisbonne.pt\/es\/politica-de-privacidad\/","url":"https:\/\/comtesselisbonne.pt\/es\/politica-de-privacidad\/","name":"Politica de Privacidad - Comtesse Lisbonne","isPartOf":{"@id":"https:\/\/comtesselisbonne.pt\/es\/#website"},"datePublished":"2021-08-24T16:51:10+00:00","dateModified":"2023-03-03T11:40:07+00:00","breadcrumb":{"@id":"https:\/\/comtesselisbonne.pt\/es\/politica-de-privacidad\/#breadcrumb"},"inLanguage":"es","potentialAction":[{"@type":"ReadAction","target":["https:\/\/comtesselisbonne.pt\/es\/politica-de-privacidad\/"]}]},{"@type":"BreadcrumbList","@id":"https:\/\/comtesselisbonne.pt\/es\/politica-de-privacidad\/#breadcrumb","itemListElement":[{"@type":"ListItem","position":1,"name":"In\u00edcio","item":"https:\/\/comtesselisbonne.pt\/es\/"},{"@type":"ListItem","position":2,"name":"Politica de Privacidad"}]},{"@type":"WebSite","@id":"https:\/\/comtesselisbonne.pt\/es\/#website","url":"https:\/\/comtesselisbonne.pt\/es\/","name":"Comtesse Lisbonne","description":"Apartments - Guest House","publisher":{"@id":"https:\/\/comtesselisbonne.pt\/es\/#organization"},"potentialAction":[{"@type":"SearchAction","target":{"@type":"EntryPoint","urlTemplate":"https:\/\/comtesselisbonne.pt\/es\/?s={search_term_string}"},"query-input":"required name=search_term_string"}],"inLanguage":"es"},{"@type":"Organization","@id":"https:\/\/comtesselisbonne.pt\/es\/#organization","name":"Comtesse Lisbonne","url":"https:\/\/comtesselisbonne.pt\/es\/","logo":{"@type":"ImageObject","inLanguage":"es","@id":"https:\/\/comtesselisbonne.pt\/es\/#\/schema\/logo\/image\/","url":"https:\/\/comtesselisbonne.pt\/wp-content\/uploads\/2021\/08\/Logo-Comtesse-Lisbonne-simple.svg","contentUrl":"https:\/\/comtesselisbonne.pt\/wp-content\/uploads\/2021\/08\/Logo-Comtesse-Lisbonne-simple.svg","width":646,"height":172,"caption":"Comtesse Lisbonne"},"image":{"@id":"https:\/\/comtesselisbonne.pt\/es\/#\/schema\/logo\/image\/"}}]}},"_links":{"self":[{"href":"https:\/\/comtesselisbonne.pt\/es\/wp-json\/wp\/v2\/pages\/5642"}],"collection":[{"href":"https:\/\/comtesselisbonne.pt\/es\/wp-json\/wp\/v2\/pages"}],"about":[{"href":"https:\/\/comtesselisbonne.pt\/es\/wp-json\/wp\/v2\/types\/page"}],"author":[{"embeddable":true,"href":"https:\/\/comtesselisbonne.pt\/es\/wp-json\/wp\/v2\/users\/1"}],"replies":[{"embeddable":true,"href":"https:\/\/comtesselisbonne.pt\/es\/wp-json\/wp\/v2\/comments?post=5642"}],"version-history":[{"count":3,"href":"https:\/\/comtesselisbonne.pt\/es\/wp-json\/wp\/v2\/pages\/5642\/revisions"}],"predecessor-version":[{"id":5646,"href":"https:\/\/comtesselisbonne.pt\/es\/wp-json\/wp\/v2\/pages\/5642\/revisions\/5646"}],"wp:attachment":[{"href":"https:\/\/comtesselisbonne.pt\/es\/wp-json\/wp\/v2\/media?parent=5642"}],"curies":[{"name":"wp","href":"https:\/\/api.w.org\/{rel}","templated":true}]}}